{"id":439,"date":"2026-02-01T05:10:23","date_gmt":"2026-02-01T05:10:23","guid":{"rendered":"https:\/\/arvima.lt\/?post_type=product&#038;p=439"},"modified":"2026-02-12T13:15:58","modified_gmt":"2026-02-12T13:15:58","slug":"mutlu-70-ah-agm","status":"publish","type":"product","link":"https:\/\/arvima.lt\/?product=mutlu-70-ah-agm","title":{"rendered":"Mutlu 70 Ah AGM"},"content":{"rendered":"<table class=\"woocommerce-product-attributes shop_attributes table table-striped\" aria-label=\"Product Details\">\n<tbody>\n<tr class=\"woocommerce-product-attributes-item woocommerce-product-attributes-item--dimensions\">\n<th class=\"woocommerce-product-attributes-item__label\" scope=\"row\">I\u0161matavimai<\/th>\n<td class=\"woocommerce-product-attributes-item__value\">278 \u00d7 175 \u00d7 190 mm<\/td>\n<\/tr>\n<tr class=\"woocommerce-product-attributes-item woocommerce-product-attributes-item--attribute_pa_gamintojas\">\n<th class=\"woocommerce-product-attributes-item__label\" scope=\"row\">Gamintojas<\/th>\n<td class=\"woocommerce-product-attributes-item__value\">Mutlu<\/td>\n<\/tr>\n<tr class=\"woocommerce-product-attributes-item woocommerce-product-attributes-item--attribute_pa_talpa-ah\">\n<th class=\"woocommerce-product-attributes-item__label\" scope=\"row\">Talpa (Ah)<\/th>\n<td class=\"woocommerce-product-attributes-item__value\">70<\/td>\n<\/tr>\n<tr class=\"woocommerce-product-attributes-item woocommerce-product-attributes-item--attribute_pa_startine-srove-a\">\n<th class=\"woocommerce-product-attributes-item__label\" scope=\"row\">Startin\u0117 srov\u0117 (A)<\/th>\n<td class=\"woocommerce-product-attributes-item__value\">760<\/td>\n<\/tr>\n<tr class=\"woocommerce-product-attributes-item woocommerce-product-attributes-item--attribute_pa_itampa-v\">\n<th class=\"woocommerce-product-attributes-item__label\" scope=\"row\">\u012etampa (V)<\/th>\n<td class=\"woocommerce-product-attributes-item__value\">12<\/td>\n<\/tr>\n<tr class=\"woocommerce-product-attributes-item woocommerce-product-attributes-item--attribute_pa_poliaringumas-euro\">\n<th class=\"woocommerce-product-attributes-item__label\" scope=\"row\">Poliaringumas (Euro)<\/th>\n<td class=\"woocommerce-product-attributes-item__value\">[- +]<\/td>\n<\/tr>\n<\/tbody>\n<\/table>\n","protected":false},"excerpt":{"rendered":"<p>I\u0161matavimai 278 \u00d7 175 \u00d7 190 mm Gamintojas Mutlu Talpa (Ah) 70 Startin\u0117 srov\u0117 (A) 760 \u012etampa (V) 12 Poliaringumas (Euro) [- +]<\/p>\n","protected":false},"featured_media":441,"comment_status":"open","ping_status":"closed","template":"","meta":[],"product_brand":[28],"product_cat":[26,18],"product_tag":[],"class_list":{"0":"post-439","1":"product","2":"type-product","3":"status-publish","4":"has-post-thumbnail","6":"product_brand-mutlu","7":"product_cat-akumuliatoriai","8":"product_cat-visos-prekes","10":"first","11":"outofstock","12":"sale","13":"taxable","14":"shipping-taxable","15":"purchasable","16":"product-type-simple"},"jetpack_sharing_enabled":true,"_links":{"self":[{"href":"https:\/\/arvima.lt\/index.php?rest_route=\/wp\/v2\/product\/439","targetHints":{"allow":["GET"]}}],"collection":[{"href":"https:\/\/arvima.lt\/index.php?rest_route=\/wp\/v2\/product"}],"about":[{"href":"https:\/\/arvima.lt\/index.php?rest_route=\/wp\/v2\/types\/product"}],"replies":[{"embeddable":true,"href":"https:\/\/arvima.lt\/index.php?rest_route=%2Fwp%2Fv2%2Fcomments&post=439"}],"wp:featuredmedia":[{"embeddable":true,"href":"https:\/\/arvima.lt\/index.php?rest_route=\/wp\/v2\/media\/441"}],"wp:attachment":[{"href":"https:\/\/arvima.lt\/index.php?rest_route=%2Fwp%2Fv2%2Fmedia&parent=439"}],"wp:term":[{"taxonomy":"product_brand","embeddable":true,"href":"https:\/\/arvima.lt\/index.php?rest_route=%2Fwp%2Fv2%2Fproduct_brand&post=439"},{"taxonomy":"product_cat","embeddable":true,"href":"https:\/\/arvima.lt\/index.php?rest_route=%2Fwp%2Fv2%2Fproduct_cat&post=439"},{"taxonomy":"product_tag","embeddable":true,"href":"https:\/\/arvima.lt\/index.php?rest_route=%2Fwp%2Fv2%2Fproduct_tag&post=439"}],"curies":[{"name":"wp","href":"https:\/\/api.w.org\/{rel}","templated":true}]}}