{"id":443,"date":"2026-02-09T11:32:46","date_gmt":"2026-02-09T11:32:46","guid":{"rendered":"https:\/\/arvima.lt\/?post_type=product&#038;p=443"},"modified":"2026-02-12T13:25:08","modified_gmt":"2026-02-12T13:25:08","slug":"mutlu-akumuliatorius-63ah-640a-246x175x175","status":"publish","type":"product","link":"https:\/\/arvima.lt\/?product=mutlu-akumuliatorius-63ah-640a-246x175x175","title":{"rendered":"Mutlu akumuliatorius Ah63M 640A"},"content":{"rendered":"<table class=\"table-striped\">\n<tbody>\n<tr>\n<td>Ampervaland\u0117s, Ah<\/td>\n<td><span class=\"table-striped-row-container\">63<\/span><\/td>\n<\/tr>\n<tr>\n<td>Srov\u0117, A<\/td>\n<td><span class=\"table-striped-row-container\">640<\/span><\/td>\n<\/tr>\n<tr>\n<td>Auk\u0161tis, mm<\/td>\n<td><span class=\"table-striped-row-container\">175<\/span><\/td>\n<\/tr>\n<tr>\n<td>Prek\u0117s \u017eenklas<\/td>\n<td><span class=\"table-striped-row-container\">MUTLU<\/span><\/td>\n<\/tr>\n<tr>\n<td>Cokolis\/tipas<\/td>\n<td><span class=\"table-striped-row-container\">B13+A<\/span><\/td>\n<\/tr>\n<tr>\n<td>EAN kodas<\/td>\n<td><span class=\"table-striped-row-container\">8696693106338<\/span><\/td>\n<\/tr>\n<\/tbody>\n<\/table>\n<table class=\"table-striped\">\n<tbody>\n<tr>\n<td>ILgis, mm<\/td>\n<td><span class=\"table-striped-row-container\">276<\/span><\/td>\n<\/tr>\n<tr>\n<td>Jungtys<\/td>\n<td><span class=\"table-striped-row-container\">teigiamas (+) \u00d819.5; neigiamas (-) \u00d817.9<\/span><\/td>\n<\/tr>\n<tr>\n<td>Poli\u0173 i\u0161d\u0117stymas<\/td>\n<td><span class=\"table-striped-row-container\"><a href=\"https:\/\/www.autoaibe.lt\/akumuliatoriai\/akumuliatoriai-automobiliams~148\/?f.PLIUS_MINUS=-%2B\"><img decoding=\"async\" src=\"https:\/\/www.autoaibe.lt\/static\/img\/attr\/battery\/L_0_12V.png\" alt=\"-+\" \/><\/a><\/span><\/td>\n<\/tr>\n<tr>\n<td>Plotis, mm<\/td>\n<td><span class=\"table-striped-row-container\">175<\/span><\/td>\n<\/tr>\n<tr>\n<td>\u012etampa, V<\/td>\n<td><span class=\"table-striped-row-container\">12<\/span><\/td>\n<\/tr>\n<\/tbody>\n<\/table>\n","protected":false},"excerpt":{"rendered":"<ul>\n<li>100 % neaptarnaujami akumuliatoriai<\/li>\n<li>\u2013 Gamyboje panaudota pa\u017eangi sidabro technologija<\/li>\n<li>\u2013 U\u017etikrinama pastovi startin\u0117 srov\u0117 esant \u017eemoms temperat\u016broms per vis\u0105 akumuliatoriaus tarnavimo laik\u0105<\/li>\n<li>\u2013 Minimalus savaiminis i\u0161sikrovimas<\/li>\n<li>\u2013 \u012ekrovos indikatorius \u201emagic eye\u201c padeda opti\u0161kai nustatyti akumuliatoriaus \u012fkrovimo lyg\u012f<\/li>\n<li>\u2013 U\u017etikrintas akumuliatoriaus darbas nuo \u201341<sup>o<\/sup>C iki +60<sup>\u00a0o<\/sup>C<\/li>\n<li>\u2013 Subalansuotas kainos ir kokyb\u0117s santykis<\/li>\n<li>\u2013 Ilgas tarnavimo laikas<\/li>\n<li>\u2013 Maksimalus saugumas:<br \/>\nU\u017epatentuotas \u201clabirintinis\u201d dangtelis neleid\u017eia elektrolitui i\u0161silieti ar nugaruoti<br \/>\n\u00b7 Apsauga nuo duj\u0173 sprogimo<\/li>\n<li>\u2013 Nekenksmingas aplinkai<\/li>\n<li>\u2013 Maksimali u\u017evedimo galia<\/li>\n<li>\u2013 Akumuliatoriams suteikiama garantija iki 24 m\u0117nesi\u0173.<\/li>\n<\/ul>\n","protected":false},"featured_media":445,"comment_status":"open","ping_status":"closed","template":"","meta":[],"product_brand":[28],"product_cat":[26,18],"product_tag":[],"class_list":{"0":"post-443","1":"product","2":"type-product","3":"status-publish","4":"has-post-thumbnail","6":"product_brand-mutlu","7":"product_cat-akumuliatoriai","8":"product_cat-visos-prekes","10":"first","11":"instock","12":"taxable","13":"shipping-taxable","14":"purchasable","15":"product-type-simple"},"jetpack_sharing_enabled":true,"_links":{"self":[{"href":"https:\/\/arvima.lt\/index.php?rest_route=\/wp\/v2\/product\/443","targetHints":{"allow":["GET"]}}],"collection":[{"href":"https:\/\/arvima.lt\/index.php?rest_route=\/wp\/v2\/product"}],"about":[{"href":"https:\/\/arvima.lt\/index.php?rest_route=\/wp\/v2\/types\/product"}],"replies":[{"embeddable":true,"href":"https:\/\/arvima.lt\/index.php?rest_route=%2Fwp%2Fv2%2Fcomments&post=443"}],"wp:featuredmedia":[{"embeddable":true,"href":"https:\/\/arvima.lt\/index.php?rest_route=\/wp\/v2\/media\/445"}],"wp:attachment":[{"href":"https:\/\/arvima.lt\/index.php?rest_route=%2Fwp%2Fv2%2Fmedia&parent=443"}],"wp:term":[{"taxonomy":"product_brand","embeddable":true,"href":"https:\/\/arvima.lt\/index.php?rest_route=%2Fwp%2Fv2%2Fproduct_brand&post=443"},{"taxonomy":"product_cat","embeddable":true,"href":"https:\/\/arvima.lt\/index.php?rest_route=%2Fwp%2Fv2%2Fproduct_cat&post=443"},{"taxonomy":"product_tag","embeddable":true,"href":"https:\/\/arvima.lt\/index.php?rest_route=%2Fwp%2Fv2%2Fproduct_tag&post=443"}],"curies":[{"name":"wp","href":"https:\/\/api.w.org\/{rel}","templated":true}]}}