{"id":477,"date":"2026-02-12T14:06:07","date_gmt":"2026-02-12T14:06:07","guid":{"rendered":"https:\/\/arvima.lt\/?post_type=product&#038;p=477"},"modified":"2026-02-12T15:30:41","modified_gmt":"2026-02-12T15:30:41","slug":"adbl-ratu-valymo-rinkinys","status":"publish","type":"product","link":"https:\/\/arvima.lt\/?product=adbl-ratu-valymo-rinkinys","title":{"rendered":"ADBL Rat\u0173 Valymo Rinkinys"},"content":{"rendered":"<p>ADBL WHEEL CLEANER SET yra prakti\u0161kas keturi\u0173 produkt\u0173 rinkinys, skirtas padang\u0173 ir ratlanki\u0173 valymui.<\/p>\n<ul>\n<li><strong>ADBL TIRE AND RUBBER CLEANER<\/strong>\u00a0skirtas padangoms ir gumos elementams. Tai efektyvus produktas, kuris i\u0161 karto \u012fsiskverbia ir atskiria ne\u0161varumus bei liku\u010dius nuo pavir\u0161iaus. Jis taip pat efektyviai nuriebalina, paliekant padang\u0105 \u0161vari\u0105 ir paruo\u0161t\u0105 naujos dangos aplikavimui. Patogumui ir grei\u010diui jis praturtintas ingredientais, palengvinan\u010diais valom\u0173 element\u0173 skalavim\u0105 ir d\u017eiovinim\u0105. Naudojant kartu su\u00a0<strong>ADBL TIRE BRUSH<\/strong>, jis sukuria patog\u0173 ir nepakei\u010diam\u0105 duet\u0105 padang\u0173 valymui.<\/li>\n<li><strong>ADBL VAMPIRE LIGHT<\/strong>\u00a0r\u016bpinasi ratlankiais. Tai neutralus gelis, skirtas kasdieniam vis\u0173 tip\u0173 ratlanki\u0173 valymui. Jis efektyviai pa\u0161alina stabd\u017ei\u0173 dulkes ir esamus eksploatacinius ne\u0161varumus.\u00a0<strong>ADBL VAMPIRE LIGHT<\/strong>\u00a0veikia greitai, per 3\u20135 minutes. D\u0117l kruop\u0161\u010diai parinkt\u0173 komponent\u0173, jis visi\u0161kai neturi nemalonaus kvapo, b\u016bdingo tokiems produktams. Nauja formul\u0117 taip pat yra daug \u0161velnesn\u0117 lydiniams su gele\u017eies priedais. Naudojant su\u00a0<strong>ADBL ROUND DETAILING BRUSH<\/strong>, jis leid\u017eia pa\u0161alinti stipresnius ne\u0161varumus i\u0161 sunkiai pasiekiam\u0173 viet\u0173.<\/li>\n<\/ul>\n","protected":false},"excerpt":{"rendered":"<p><strong>Rinkin\u012f sudaro:<\/strong><\/p>\n<ul>\n<li>1x ADBL TIRE AND RUBBER CLEANER 0,5 l<\/li>\n<li>1x ADBL TIRE BRUSH<\/li>\n<li>1x ADBL VAMPIRE LIGHT 0,5 l<\/li>\n<li>1x ADBL ROUND DETAILING BRUSH #12<\/li>\n<\/ul>\n","protected":false},"featured_media":244,"comment_status":"open","ping_status":"closed","template":"","meta":[],"product_brand":[30],"product_cat":[29,18],"product_tag":[],"class_list":{"0":"post-477","1":"product","2":"type-product","3":"status-publish","4":"has-post-thumbnail","6":"product_brand-adbl","7":"product_cat-detailingas","8":"product_cat-visos-prekes","10":"first","11":"instock","12":"taxable","13":"shipping-taxable","14":"purchasable","15":"product-type-simple"},"jetpack_sharing_enabled":true,"_links":{"self":[{"href":"https:\/\/arvima.lt\/index.php?rest_route=\/wp\/v2\/product\/477","targetHints":{"allow":["GET"]}}],"collection":[{"href":"https:\/\/arvima.lt\/index.php?rest_route=\/wp\/v2\/product"}],"about":[{"href":"https:\/\/arvima.lt\/index.php?rest_route=\/wp\/v2\/types\/product"}],"replies":[{"embeddable":true,"href":"https:\/\/arvima.lt\/index.php?rest_route=%2Fwp%2Fv2%2Fcomments&post=477"}],"wp:featuredmedia":[{"embeddable":true,"href":"https:\/\/arvima.lt\/index.php?rest_route=\/wp\/v2\/media\/244"}],"wp:attachment":[{"href":"https:\/\/arvima.lt\/index.php?rest_route=%2Fwp%2Fv2%2Fmedia&parent=477"}],"wp:term":[{"taxonomy":"product_brand","embeddable":true,"href":"https:\/\/arvima.lt\/index.php?rest_route=%2Fwp%2Fv2%2Fproduct_brand&post=477"},{"taxonomy":"product_cat","embeddable":true,"href":"https:\/\/arvima.lt\/index.php?rest_route=%2Fwp%2Fv2%2Fproduct_cat&post=477"},{"taxonomy":"product_tag","embeddable":true,"href":"https:\/\/arvima.lt\/index.php?rest_route=%2Fwp%2Fv2%2Fproduct_tag&post=477"}],"curies":[{"name":"wp","href":"https:\/\/api.w.org\/{rel}","templated":true}]}}