{"id":478,"date":"2026-02-12T14:07:48","date_gmt":"2026-02-12T14:07:48","guid":{"rendered":"https:\/\/arvima.lt\/?post_type=product&#038;p=478"},"modified":"2026-02-12T15:27:36","modified_gmt":"2026-02-12T15:27:36","slug":"adbl-odos-valymo-rinkinys","status":"publish","type":"product","link":"https:\/\/arvima.lt\/?product=adbl-odos-valymo-rinkinys","title":{"rendered":"ADBL Odos Valymo Rinkinys"},"content":{"rendered":"<h4><strong>ADBL Leather Cleaner<\/strong><\/h4>\n<h4><strong>Saugus ir veiksmingas odos valiklis<\/strong><\/h4>\n<p>Nuriebalina pavir\u0161i\u0173 jo nei\u0161d\u017eiovindamas. Sukurtas remiantis nat\u016braliais valymo ingredientais. Saugus naudoti vir\u0161utiniam odos sluoksniui. Sukuria stabili\u0105 put\u0105, kuri leid\u017eia ilg\u0105 laik\u0105 valyti pavir\u0161i\u0173 valikliui ne\u012fsigeriant. Galimas skiedimo santykis 1 : 1 su distiliuotu vandeniu.<\/p>\n<h4><strong>ADBL Leather Conditioner<\/strong><\/h4>\n<h4><strong>Lengvai naudojamas ir ilg\u0105 laik\u0105 i\u0161liekantis odos kondicionierius<\/strong><\/h4>\n<p>Maitina ir patamsina od\u0105. Turi puikias apsaugines savybes. Jokio blizgesio. Padaro od\u0105 glotni\u0105. Malonu dirbti d\u0117l subtilaus odos kvapo. Priemon\u0117 paruo\u0161ta naudoti.<\/p>\n<h4><strong>ADBL Ther<\/strong><\/h4>\n<h4><strong><span lang=\"en-gb\" xml:lang=\"en-gb\">Odos valymo\u00a0<\/span><span lang=\"lt\" xml:lang=\"lt\">\u0161epet\u0117lis su mi\u0161riais \u0161ereliais<\/span><\/strong><\/h4>\n<p><span lang=\"lt\" xml:lang=\"lt\">Ergonomi\u0161ka forma leid\u017eia dirbti komfortabiliai. Valant kartu su ADBL LEATHER CLEANER u\u017etikrina auk\u0161t\u0105 darbo efektyvum\u0105 ir tuo pa\u010diu \u0161velnus valomam pavir\u0161iui.<\/span><\/p>\n<h4><strong><span lang=\"lt\" xml:lang=\"lt\">ADBL 150 ml Foamer\u00a0buteliukas su putojan\u010diu antgaliu<\/span><\/strong><\/h4>\n<p><span lang=\"lt\" xml:lang=\"lt\">Leid\u017eia putoti\u00a0<span lang=\"en-gb\" xml:lang=\"en-gb\">ADBL LEATHER CLEANER valikliui, sudarydamas stabilias ir gausias putas. U\u017etikrina ilgalaik\u012f darb\u0105 per daug ne\u012fsigeriant \u012f valom\u0105 pavir\u0161i\u0173.<\/span><\/span><\/p>\n<h4><strong><span lang=\"lt\" xml:lang=\"lt\">ADBL Lea<\/span><\/strong><\/h4>\n<h4><strong>Odos valymo \u0161luost\u0117<\/strong><\/h4>\n<p>Mikropluo\u0161to \u0161luost\u0117 skirta valyti ir pri\u017ei\u016br\u0117ti odinius pavir\u0161ius. Funkcionalus dydis ir plonas med\u017eiagos audinys yra labai patogus ir leid\u017eia tiksliai dirbti ties si\u016bl\u0117mis ir i\u0161linkimais. D\u0117l didelio sugeriamumo lengvai sukaupia ne\u0161varumus ir priemon\u0117s liku\u010dius. Nepalieka p\u0117dsak\u0173 ir pluo\u0161to liku\u010di\u0173. Lengvai i\u0161plaunama.<\/p>\n<h4><strong>ADBL Leather Mist<\/strong><\/h4>\n<h4><strong>Auk\u0161\u010diausios kokyb\u0117s nat\u016bralios odos kvapo automobilio gaiviklis<\/strong><\/h4>\n<p>Nat\u016bralios odos aromatas sukurtas automobilio interjerui. Gali b\u016bti naudojamas ant kilim\u0117li\u0173, med\u017eiagini\u0173 apmu\u0161al\u0173 ar po s\u0117dyn\u0117mis. Puikiai tinka naudoti automobiliui, taip pat namuose ar ofise.<\/p>\n","protected":false},"excerpt":{"rendered":"<p><strong>ADBL Leather Kit 6 dali\u0173 odos valymo ir prie\u017ei\u016bros rinkinys<\/strong><\/p>\n<p><strong>Rinkin\u012f sudaro:<\/strong><\/p>\n<ul>\n<li>ADBL Leather Cleaner \u2013 odos valiklis 0,5l<\/li>\n<li>ADBL Leather Conditioner \u2013 odos kondicionierius 0,2l<\/li>\n<li>ADBL THER \u2013 specialus \u0161epet\u0117lis odos valymui<\/li>\n<li>ADBL Foamer \u2013 150 ml pur\u0161kiklis put\u0173 formavimui<\/li>\n<li>ADBL LEA \u2013 mikropluo\u0161to \u0161luost\u0117 350 GSM<\/li>\n<li>ADBL Leather Mist \u2013 oro gaiviklis 0,2l<\/li>\n<li>ADBL Trigger \u2013 pur\u0161kiklis<\/li>\n<\/ul>\n","protected":false},"featured_media":242,"comment_status":"open","ping_status":"closed","template":"","meta":[],"product_brand":[30],"product_cat":[29,18],"product_tag":[],"class_list":{"0":"post-478","1":"product","2":"type-product","3":"status-publish","4":"has-post-thumbnail","6":"product_brand-adbl","7":"product_cat-detailingas","8":"product_cat-visos-prekes","10":"first","11":"outofstock","12":"taxable","13":"shipping-taxable","14":"purchasable","15":"product-type-simple"},"jetpack_sharing_enabled":true,"_links":{"self":[{"href":"https:\/\/arvima.lt\/index.php?rest_route=\/wp\/v2\/product\/478","targetHints":{"allow":["GET"]}}],"collection":[{"href":"https:\/\/arvima.lt\/index.php?rest_route=\/wp\/v2\/product"}],"about":[{"href":"https:\/\/arvima.lt\/index.php?rest_route=\/wp\/v2\/types\/product"}],"replies":[{"embeddable":true,"href":"https:\/\/arvima.lt\/index.php?rest_route=%2Fwp%2Fv2%2Fcomments&post=478"}],"wp:featuredmedia":[{"embeddable":true,"href":"https:\/\/arvima.lt\/index.php?rest_route=\/wp\/v2\/media\/242"}],"wp:attachment":[{"href":"https:\/\/arvima.lt\/index.php?rest_route=%2Fwp%2Fv2%2Fmedia&parent=478"}],"wp:term":[{"taxonomy":"product_brand","embeddable":true,"href":"https:\/\/arvima.lt\/index.php?rest_route=%2Fwp%2Fv2%2Fproduct_brand&post=478"},{"taxonomy":"product_cat","embeddable":true,"href":"https:\/\/arvima.lt\/index.php?rest_route=%2Fwp%2Fv2%2Fproduct_cat&post=478"},{"taxonomy":"product_tag","embeddable":true,"href":"https:\/\/arvima.lt\/index.php?rest_route=%2Fwp%2Fv2%2Fproduct_tag&post=478"}],"curies":[{"name":"wp","href":"https:\/\/api.w.org\/{rel}","templated":true}]}}