{"id":482,"date":"2026-02-12T15:33:33","date_gmt":"2026-02-12T15:33:33","guid":{"rendered":"https:\/\/arvima.lt\/?post_type=product&#038;p=482"},"modified":"2026-02-12T15:33:33","modified_gmt":"2026-02-12T15:33:33","slug":"zieminis-stiklu-ploviklis-elite-screenwash-25c","status":"publish","type":"product","link":"https:\/\/arvima.lt\/?product=zieminis-stiklu-ploviklis-elite-screenwash-25c","title":{"rendered":"\u017dieminis stikl\u0173 ploviklis \u201eELITE Screenwash -25\u00b0C\u201c"},"content":{"rendered":"<p>Apsaugo nuo kalk\u0117jimo. Tinka v\u0117duokliniams purk\u0161tukams Puikiai valo kelio ne\u0161varumus. Mink\u0161tina valytuv\u0173 gumas. Gaivaus kvapo stikl\u0173 ploviklis yra skirtas automobili\u0173 stikl\u0173 valymui. Naujos formul\u0117s su Nano dalel\u0117mis d\u0117ka ploviklis ant stiklo sukuria nematom\u0105 pl\u0117vel\u0119, nuo kurios ter\u0161alai, pavyzd\u017eiui, kelio purvas ar druska, v\u0117liau yra lengvai nuvalomi. Ploviklio sud\u0117tyje n\u0117ra agresyvi\u0173 med\u017eiag\u0173, tod\u0117l jis nekenkia chromuotoms, plastikin\u0117ms ar gumin\u0117ms automobilio detal\u0117ms. Tinka naudoti tiek \u017eiem\u0105, tiek vasar\u0105. Naudoti vadovaujantis automobilio naudojimo instrukcija. Pilti \u012f automobilio stikl\u0173 apiplovimo bakel\u012f. Ploviklis yratinkamas naudoti iki -25\u00b0C.<\/p>\n","protected":false},"excerpt":{"rendered":"<p>Apsaugo nuo kalk\u0117jimo. Tinka v\u0117duokliniams purk\u0161tukams Puikiai valo kelio ne\u0161varumus. Mink\u0161tina valytuv\u0173 gumas. Gaivaus kvapo stikl\u0173 ploviklis yra skirtas automobili\u0173 stikl\u0173 valymui. Naujos formul\u0117s su Nano dalel\u0117mis d\u0117ka ploviklis ant stiklo sukuria nematom\u0105 pl\u0117vel\u0119, nuo kurios ter\u0161alai, pavyzd\u017eiui, kelio purvas ar druska, v\u0117liau yra lengvai nuvalomi. Ploviklio sud\u0117tyje n\u0117ra agresyvi\u0173 med\u017eiag\u0173, tod\u0117l jis nekenkia chromuotoms, [&hellip;]<\/p>\n","protected":false},"featured_media":426,"comment_status":"open","ping_status":"closed","template":"","meta":[],"product_brand":[36],"product_cat":[32,18],"product_tag":[],"class_list":{"0":"post-482","1":"product","2":"type-product","3":"status-publish","4":"has-post-thumbnail","6":"product_brand-elite","7":"product_cat-langu-skysciai","8":"product_cat-visos-prekes","10":"first","11":"instock","12":"sale","13":"taxable","14":"shipping-taxable","15":"purchasable","16":"product-type-simple"},"jetpack_sharing_enabled":true,"_links":{"self":[{"href":"https:\/\/arvima.lt\/index.php?rest_route=\/wp\/v2\/product\/482","targetHints":{"allow":["GET"]}}],"collection":[{"href":"https:\/\/arvima.lt\/index.php?rest_route=\/wp\/v2\/product"}],"about":[{"href":"https:\/\/arvima.lt\/index.php?rest_route=\/wp\/v2\/types\/product"}],"replies":[{"embeddable":true,"href":"https:\/\/arvima.lt\/index.php?rest_route=%2Fwp%2Fv2%2Fcomments&post=482"}],"wp:featuredmedia":[{"embeddable":true,"href":"https:\/\/arvima.lt\/index.php?rest_route=\/wp\/v2\/media\/426"}],"wp:attachment":[{"href":"https:\/\/arvima.lt\/index.php?rest_route=%2Fwp%2Fv2%2Fmedia&parent=482"}],"wp:term":[{"taxonomy":"product_brand","embeddable":true,"href":"https:\/\/arvima.lt\/index.php?rest_route=%2Fwp%2Fv2%2Fproduct_brand&post=482"},{"taxonomy":"product_cat","embeddable":true,"href":"https:\/\/arvima.lt\/index.php?rest_route=%2Fwp%2Fv2%2Fproduct_cat&post=482"},{"taxonomy":"product_tag","embeddable":true,"href":"https:\/\/arvima.lt\/index.php?rest_route=%2Fwp%2Fv2%2Fproduct_tag&post=482"}],"curies":[{"name":"wp","href":"https:\/\/api.w.org\/{rel}","templated":true}]}}