{"id":484,"date":"2026-02-12T15:50:38","date_gmt":"2026-02-12T15:50:38","guid":{"rendered":"https:\/\/arvima.lt\/?post_type=product&#038;p=484"},"modified":"2026-02-12T15:50:38","modified_gmt":"2026-02-12T15:50:38","slug":"alyvos-filtras-hengst-e134h-d06","status":"publish","type":"product","link":"https:\/\/arvima.lt\/?product=alyvos-filtras-hengst-e134h-d06","title":{"rendered":"Alyvos filtras HENGST E134H D06"},"content":{"rendered":"<div class=\"attribute \">\n<div class=\"attr-content\">\n<div class=\"js-attr-content \"><strong class=\"\">Filtro tipas:<\/strong><\/div>\n<div class=\"js-attr-color_multiselect\">filtro \u012fd\u0117klas<\/div>\n<\/div>\n<\/div>\n<div class=\"attribute \">\n<div class=\"attr-content\">\n<div class=\"js-attr-content \"><strong class=\"\">Auk\u0161tis [mm]:<\/strong><\/div>\n<div class=\"js-attr-color_multiselect\">137<\/div>\n<\/div>\n<\/div>\n<div class=\"attribute \">\n<div class=\"attr-content\">\n<div class=\"js-attr-content \"><strong class=\"\">I\u0161orinis skersmuo [mm]:<\/strong><\/div>\n<div class=\"js-attr-color_multiselect\">83<\/div>\n<\/div>\n<\/div>\n<div class=\"attribute \">\n<div class=\"attr-content\">\n<div class=\"js-attr-content \"><strong class=\"\">Vidinis skersmuo [mm]:<\/strong><\/div>\n<div class=\"js-attr-color_multiselect\">21<\/div>\n<\/div>\n<\/div>\n<div class=\"attribute \">\n<div class=\"attr-content\">\n<div class=\"js-attr-content \"><strong class=\"\">Vidinis skersmuo 2 [mm]:<\/strong><\/div>\n<div class=\"js-attr-color_multiselect\">21<\/div>\n<\/div>\n<\/div>\n<div class=\"attribute \">\n<div class=\"attr-content\">\n<div class=\"js-attr-content \"><strong class=\"\">Pasi\u016blymas:<\/strong><\/div>\n<div class=\"js-attr-color_multiselect\">Sunkve\u017eimi\u0173<\/div>\n<\/div>\n<\/div>\n<div class=\"attribute \">\n<div class=\"attr-content\">\n<div class=\"js-attr-content \"><strong class=\"\">Br\u016bk\u0161ninis kodas:<\/strong><\/div>\n<div class=\"js-attr-color_multiselect\">IC-D92FEE, 4030776000610<\/div>\n<\/div>\n<\/div>\n<div class=\"attribute \">\n<div class=\"attr-content\">\n<div class=\"js-attr-content \"><strong class=\"\">Prek\u0117s kodas:<\/strong><\/div>\n<div class=\"js-attr-color_multiselect\">D92FEE<\/div>\n<\/div>\n<\/div>\n<div class=\"attribute \">\n<div class=\"attr-content\">\n<div class=\"js-attr-content \"><strong class=\"\">Elemento indeksas:<\/strong><\/div>\n<div class=\"js-attr-color_multiselect\">E134H D06<\/div>\n<\/div>\n<\/div>\n<div class=\"attribute pcn\">\n<div class=\"attr-content\">\n<div class=\"js-attr-content \"><strong class=\"\">PCN:<\/strong><\/div>\n<div class=\"js-attr-color_multiselect\">84212300<\/div>\n<\/div>\n<\/div>\n","protected":false},"excerpt":{"rendered":"<p>Filtro tipas: filtro \u012fd\u0117klas Auk\u0161tis [mm]: 137 I\u0161orinis skersmuo [mm]: 83 Vidinis skersmuo [mm]: 21 Vidinis skersmuo 2 [mm]: 21 Pasi\u016blymas: Sunkve\u017eimi\u0173 Br\u016bk\u0161ninis kodas: IC-D92FEE, 4030776000610 Prek\u0117s kodas: D92FEE Elemento indeksas: E134H D06 PCN: 84212300<\/p>\n","protected":false},"featured_media":485,"comment_status":"open","ping_status":"closed","template":"","meta":[],"product_brand":[35],"product_cat":[34,18],"product_tag":[],"class_list":{"0":"post-484","1":"product","2":"type-product","3":"status-publish","4":"has-post-thumbnail","6":"product_brand-hengst-filter","7":"product_cat-filtrai","8":"product_cat-visos-prekes","10":"first","11":"instock","12":"sale","13":"taxable","14":"shipping-taxable","15":"purchasable","16":"product-type-simple"},"jetpack_sharing_enabled":true,"_links":{"self":[{"href":"https:\/\/arvima.lt\/index.php?rest_route=\/wp\/v2\/product\/484","targetHints":{"allow":["GET"]}}],"collection":[{"href":"https:\/\/arvima.lt\/index.php?rest_route=\/wp\/v2\/product"}],"about":[{"href":"https:\/\/arvima.lt\/index.php?rest_route=\/wp\/v2\/types\/product"}],"replies":[{"embeddable":true,"href":"https:\/\/arvima.lt\/index.php?rest_route=%2Fwp%2Fv2%2Fcomments&post=484"}],"wp:featuredmedia":[{"embeddable":true,"href":"https:\/\/arvima.lt\/index.php?rest_route=\/wp\/v2\/media\/485"}],"wp:attachment":[{"href":"https:\/\/arvima.lt\/index.php?rest_route=%2Fwp%2Fv2%2Fmedia&parent=484"}],"wp:term":[{"taxonomy":"product_brand","embeddable":true,"href":"https:\/\/arvima.lt\/index.php?rest_route=%2Fwp%2Fv2%2Fproduct_brand&post=484"},{"taxonomy":"product_cat","embeddable":true,"href":"https:\/\/arvima.lt\/index.php?rest_route=%2Fwp%2Fv2%2Fproduct_cat&post=484"},{"taxonomy":"product_tag","embeddable":true,"href":"https:\/\/arvima.lt\/index.php?rest_route=%2Fwp%2Fv2%2Fproduct_tag&post=484"}],"curies":[{"name":"wp","href":"https:\/\/api.w.org\/{rel}","templated":true}]}}