{"id":488,"date":"2026-02-12T15:56:32","date_gmt":"2026-02-12T15:56:32","guid":{"rendered":"https:\/\/arvima.lt\/?post_type=product&#038;p=488"},"modified":"2026-02-12T16:01:47","modified_gmt":"2026-02-12T16:01:47","slug":"alyvos-filtras-hengst-h315w","status":"publish","type":"product","link":"https:\/\/arvima.lt\/?product=alyvos-filtras-hengst-h315w","title":{"rendered":"Alyvos filtras HENGST H315W"},"content":{"rendered":"<div class=\"attribute \">\n<div class=\"attr-content\">\n<div class=\"js-attr-content \"><strong class=\"\">Filtro tipas:<\/strong><\/div>\n<div class=\"js-attr-color_multiselect\">prisukamas<\/div>\n<\/div>\n<\/div>\n<div class=\"attribute \">\n<div class=\"attr-content\">\n<div class=\"js-attr-content \"><strong class=\"\">Auk\u0161tis [mm]:<\/strong><\/div>\n<div class=\"js-attr-color_multiselect\">77<\/div>\n<\/div>\n<\/div>\n<div class=\"attribute \">\n<div class=\"attr-content\">\n<div class=\"js-attr-content \"><strong class=\"\">I\u0161orinis skersmuo [mm]:<\/strong><\/div>\n<div class=\"js-attr-color_multiselect\">78<\/div>\n<\/div>\n<\/div>\n<div class=\"attribute \">\n<div class=\"attr-content\">\n<div class=\"js-attr-content \"><strong class=\"\">Vidinis skersmuo [mm]:<\/strong><\/div>\n<div class=\"js-attr-color_multiselect\">62.5<\/div>\n<\/div>\n<\/div>\n<div class=\"attribute \">\n<div class=\"attr-content\">\n<div class=\"js-attr-content \"><strong class=\"\">I\u0161or. sandarinimo skersmuo [mm]:<\/strong><\/div>\n<div class=\"js-attr-color_multiselect\">72<\/div>\n<\/div>\n<\/div>\n<div class=\"attribute \">\n<div class=\"attr-content\">\n<div class=\"js-attr-content \"><strong class=\"\">Br\u016bk\u0161ninis kodas:<\/strong><\/div>\n<div class=\"js-attr-color_multiselect\">IC-D92F30, 4030776025859, 4030776092295, PU-D92F30<\/div>\n<\/div>\n<\/div>\n<div class=\"attribute \">\n<div class=\"attr-content\">\n<div class=\"js-attr-content \"><strong class=\"\">Prek\u0117s kodas:<\/strong><\/div>\n<div class=\"js-attr-color_multiselect\">D92F30<\/div>\n<\/div>\n<\/div>\n<div class=\"attribute \">\n<div class=\"attr-content\">\n<div class=\"js-attr-content \"><strong class=\"\">Elemento indeksas:<\/strong><\/div>\n<div class=\"js-attr-color_multiselect\">H315W<\/div>\n<\/div>\n<\/div>\n<div class=\"attribute pcn\">\n<div class=\"attr-content\">\n<div class=\"js-attr-content \"><strong class=\"\">PCN:<\/strong><\/div>\n<div class=\"js-attr-color_multiselect\">84212300<\/div>\n<\/div>\n<\/div>\n","protected":false},"excerpt":{"rendered":"<p>Filtro tipas: prisukamas Auk\u0161tis [mm]: 77 I\u0161orinis skersmuo [mm]: 78 Vidinis skersmuo [mm]: 62.5 I\u0161or. sandarinimo skersmuo [mm]: 72 Br\u016bk\u0161ninis kodas: IC-D92F30, 4030776025859, 4030776092295, PU-D92F30 Prek\u0117s kodas: D92F30 Elemento indeksas: H315W PCN: 84212300<\/p>\n","protected":false},"featured_media":490,"comment_status":"open","ping_status":"closed","template":"","meta":[],"product_brand":[35],"product_cat":[34,18],"product_tag":[],"class_list":{"0":"post-488","1":"product","2":"type-product","3":"status-publish","4":"has-post-thumbnail","6":"product_brand-hengst-filter","7":"product_cat-filtrai","8":"product_cat-visos-prekes","10":"first","11":"instock","12":"sale","13":"taxable","14":"shipping-taxable","15":"purchasable","16":"product-type-simple"},"jetpack_sharing_enabled":true,"_links":{"self":[{"href":"https:\/\/arvima.lt\/index.php?rest_route=\/wp\/v2\/product\/488","targetHints":{"allow":["GET"]}}],"collection":[{"href":"https:\/\/arvima.lt\/index.php?rest_route=\/wp\/v2\/product"}],"about":[{"href":"https:\/\/arvima.lt\/index.php?rest_route=\/wp\/v2\/types\/product"}],"replies":[{"embeddable":true,"href":"https:\/\/arvima.lt\/index.php?rest_route=%2Fwp%2Fv2%2Fcomments&post=488"}],"wp:featuredmedia":[{"embeddable":true,"href":"https:\/\/arvima.lt\/index.php?rest_route=\/wp\/v2\/media\/490"}],"wp:attachment":[{"href":"https:\/\/arvima.lt\/index.php?rest_route=%2Fwp%2Fv2%2Fmedia&parent=488"}],"wp:term":[{"taxonomy":"product_brand","embeddable":true,"href":"https:\/\/arvima.lt\/index.php?rest_route=%2Fwp%2Fv2%2Fproduct_brand&post=488"},{"taxonomy":"product_cat","embeddable":true,"href":"https:\/\/arvima.lt\/index.php?rest_route=%2Fwp%2Fv2%2Fproduct_cat&post=488"},{"taxonomy":"product_tag","embeddable":true,"href":"https:\/\/arvima.lt\/index.php?rest_route=%2Fwp%2Fv2%2Fproduct_tag&post=488"}],"curies":[{"name":"wp","href":"https:\/\/api.w.org\/{rel}","templated":true}]}}