{"id":505,"date":"2026-02-12T17:41:05","date_gmt":"2026-02-12T17:41:05","guid":{"rendered":"https:\/\/arvima.lt\/?post_type=product&#038;p=505"},"modified":"2026-02-12T17:41:05","modified_gmt":"2026-02-12T17:41:05","slug":"degalu-filtras-donaldson-p505982","status":"publish","type":"product","link":"https:\/\/arvima.lt\/?product=degalu-filtras-donaldson-p505982","title":{"rendered":"Degal\u0173 filtras DONALDSON P505982"},"content":{"rendered":"<div class=\"attribute \">\n<div class=\"attr-content\">\n<div class=\"js-attr-content \"><strong class=\"\">Filtro tipas:<\/strong><\/div>\n<div class=\"js-attr-color_multiselect\">prisukamas<\/div>\n<\/div>\n<\/div>\n<div class=\"attribute \">\n<div class=\"attr-content\">\n<div class=\"js-attr-content \"><strong class=\"\">Ilgis [mm]:<\/strong><\/div>\n<div class=\"js-attr-color_multiselect\">139.5<\/div>\n<\/div>\n<\/div>\n<div class=\"attribute \">\n<div class=\"attr-content\">\n<div class=\"js-attr-content \"><strong class=\"\">Auk\u0161tis [mm]:<\/strong><\/div>\n<div class=\"js-attr-color_multiselect\">140<\/div>\n<\/div>\n<\/div>\n<div class=\"attribute \">\n<div class=\"attr-content\">\n<div class=\"js-attr-content \"><strong class=\"\">I\u0161orinis skersmuo [mm]:<\/strong><\/div>\n<div class=\"js-attr-color_multiselect\">87<\/div>\n<\/div>\n<\/div>\n<div class=\"attribute \">\n<div class=\"attr-content\">\n<div class=\"js-attr-content \"><strong class=\"c-white\">I\u0161orinis skersmuo [mm]:<\/strong><\/div>\n<div class=\"js-attr-color_multiselect\">94<\/div>\n<\/div>\n<\/div>\n<div class=\"attribute \">\n<div class=\"attr-content\">\n<div class=\"js-attr-content \"><strong class=\"\">Vidinis skersmuo [mm]:<\/strong><\/div>\n<div class=\"js-attr-color_multiselect\">77<\/div>\n<\/div>\n<\/div>\n<div class=\"attribute \">\n<div class=\"attr-content\">\n<div class=\"js-attr-content \"><strong class=\"\">I\u0161or. sandarinimo skersmuo [mm]:<\/strong><\/div>\n<div class=\"js-attr-color_multiselect\">87<\/div>\n<\/div>\n<\/div>\n<div class=\"attribute \">\n<div class=\"attr-content\">\n<div class=\"js-attr-content \"><strong class=\"\">Pasi\u016blymas:<\/strong><\/div>\n<div class=\"js-attr-color_multiselect\">Sunkve\u017eimi\u0173<\/div>\n<\/div>\n<\/div>\n<div class=\"attribute \">\n<div class=\"attr-content\">\n<div class=\"js-attr-content \"><strong class=\"\">Br\u016bk\u0161ninis kodas:<\/strong><\/div>\n<div class=\"js-attr-color_multiselect\">IC-D92F67, PU-D92F67, 4030776027792, 4030776054248<\/div>\n<\/div>\n<\/div>\n<div class=\"attribute \">\n<div class=\"attr-content\">\n<div class=\"js-attr-content \"><strong class=\"\">Prek\u0117s kodas:<\/strong><\/div>\n<div class=\"js-attr-color_multiselect\">D92F67<\/div>\n<\/div>\n<\/div>\n<div class=\"attribute \">\n<div class=\"attr-content\">\n<div class=\"js-attr-content \"><strong class=\"\">Elemento indeksas:<\/strong><\/div>\n<div class=\"js-attr-color_multiselect\">H700WK<\/div>\n<\/div>\n<\/div>\n<div class=\"attribute pcn\">\n<div class=\"attr-content\">\n<div class=\"js-attr-content \"><strong class=\"\">PCN:<\/strong><\/div>\n<div class=\"js-attr-color_multiselect\">84212300<\/div>\n<\/div>\n<\/div>\n","protected":false},"excerpt":{"rendered":"<p>Filtro tipas: prisukamas Ilgis [mm]: 139.5 Auk\u0161tis [mm]: 140 I\u0161orinis skersmuo [mm]: 87 I\u0161orinis skersmuo [mm]: 94 Vidinis skersmuo [mm]: 77 I\u0161or. sandarinimo skersmuo [mm]: 87 Pasi\u016blymas: Sunkve\u017eimi\u0173 Br\u016bk\u0161ninis kodas: IC-D92F67, PU-D92F67, 4030776027792, 4030776054248 Prek\u0117s kodas: D92F67 Elemento indeksas: H700WK PCN: 84212300<\/p>\n","protected":false},"featured_media":506,"comment_status":"open","ping_status":"closed","template":"","meta":[],"product_brand":[41],"product_cat":[34,18],"product_tag":[],"class_list":{"0":"post-505","1":"product","2":"type-product","3":"status-publish","4":"has-post-thumbnail","6":"product_brand-donaldson-filters","7":"product_cat-filtrai","8":"product_cat-visos-prekes","10":"first","11":"instock","12":"sale","13":"taxable","14":"shipping-taxable","15":"purchasable","16":"product-type-simple"},"jetpack_sharing_enabled":true,"_links":{"self":[{"href":"https:\/\/arvima.lt\/index.php?rest_route=\/wp\/v2\/product\/505","targetHints":{"allow":["GET"]}}],"collection":[{"href":"https:\/\/arvima.lt\/index.php?rest_route=\/wp\/v2\/product"}],"about":[{"href":"https:\/\/arvima.lt\/index.php?rest_route=\/wp\/v2\/types\/product"}],"replies":[{"embeddable":true,"href":"https:\/\/arvima.lt\/index.php?rest_route=%2Fwp%2Fv2%2Fcomments&post=505"}],"wp:featuredmedia":[{"embeddable":true,"href":"https:\/\/arvima.lt\/index.php?rest_route=\/wp\/v2\/media\/506"}],"wp:attachment":[{"href":"https:\/\/arvima.lt\/index.php?rest_route=%2Fwp%2Fv2%2Fmedia&parent=505"}],"wp:term":[{"taxonomy":"product_brand","embeddable":true,"href":"https:\/\/arvima.lt\/index.php?rest_route=%2Fwp%2Fv2%2Fproduct_brand&post=505"},{"taxonomy":"product_cat","embeddable":true,"href":"https:\/\/arvima.lt\/index.php?rest_route=%2Fwp%2Fv2%2Fproduct_cat&post=505"},{"taxonomy":"product_tag","embeddable":true,"href":"https:\/\/arvima.lt\/index.php?rest_route=%2Fwp%2Fv2%2Fproduct_tag&post=505"}],"curies":[{"name":"wp","href":"https:\/\/api.w.org\/{rel}","templated":true}]}}