{"id":519,"date":"2026-02-12T18:05:47","date_gmt":"2026-02-12T18:05:47","guid":{"rendered":"https:\/\/arvima.lt\/?post_type=product&#038;p=519"},"modified":"2026-02-12T18:05:47","modified_gmt":"2026-02-12T18:05:47","slug":"alyvos-filtras-hengst-z12-d64","status":"publish","type":"product","link":"https:\/\/arvima.lt\/?product=alyvos-filtras-hengst-z12-d64","title":{"rendered":"Alyvos filtras HENGST Z12 D64"},"content":{"rendered":"<div class=\"attribute \">\n<div class=\"attr-content\">\n<div class=\"js-attr-content \"><strong class=\"\">Filtro tipas:<\/strong><\/div>\n<div class=\"js-attr-color_multiselect\">i\u0161centrinis<\/div>\n<\/div>\n<\/div>\n<div class=\"attribute \">\n<div class=\"attr-content\">\n<div class=\"js-attr-content \"><strong class=\"\">Auk\u0161tis [mm]:<\/strong><\/div>\n<div class=\"js-attr-color_multiselect\">119<\/div>\n<\/div>\n<\/div>\n<div class=\"attribute \">\n<div class=\"attr-content\">\n<div class=\"js-attr-content \"><strong class=\"\">I\u0161orinis skersmuo [mm]:<\/strong><\/div>\n<div class=\"js-attr-color_multiselect\">98<\/div>\n<\/div>\n<\/div>\n<div class=\"attribute \">\n<div class=\"attr-content\">\n<div class=\"js-attr-content \"><strong class=\"\">Vidinis skersmuo [mm]:<\/strong><\/div>\n<div class=\"js-attr-color_multiselect\">15<\/div>\n<\/div>\n<\/div>\n<div class=\"attribute \">\n<div class=\"attr-content\">\n<div class=\"js-attr-content \"><strong class=\"\">Vidinis skersmuo 2 [mm]:<\/strong><\/div>\n<div class=\"js-attr-color_multiselect\">15<\/div>\n<\/div>\n<\/div>\n<div class=\"attribute \">\n<div class=\"attr-content\">\n<div class=\"js-attr-content \"><strong class=\"\">Pasi\u016blymas:<\/strong><\/div>\n<div class=\"js-attr-color_multiselect\">Sunkve\u017eimi\u0173<\/div>\n<\/div>\n<\/div>\n<div class=\"attribute \">\n<div class=\"attr-content\">\n<div class=\"js-attr-content \"><strong class=\"\">Br\u016bk\u0161ninis kodas:<\/strong><\/div>\n<div class=\"js-attr-color_multiselect\">IC-D92E18, 4030776008487<\/div>\n<\/div>\n<\/div>\n<div class=\"attribute \">\n<div class=\"attr-content\">\n<div class=\"js-attr-content \"><strong class=\"\">Prek\u0117s kodas:<\/strong><\/div>\n<div class=\"js-attr-color_multiselect\">D92E18<\/div>\n<\/div>\n<\/div>\n<div class=\"attribute \">\n<div class=\"attr-content\">\n<div class=\"js-attr-content \"><strong class=\"\">Elemento indeksas:<\/strong><\/div>\n<div class=\"js-attr-color_multiselect\">Z12 D64<\/div>\n<\/div>\n<\/div>\n<div class=\"attribute pcn\">\n<div class=\"attr-content\">\n<div class=\"js-attr-content \"><strong class=\"\">PCN:<\/strong><\/div>\n<div class=\"js-attr-color_multiselect\">84212300<\/div>\n<\/div>\n<\/div>\n","protected":false},"excerpt":{"rendered":"<p>Filtro tipas: i\u0161centrinis Auk\u0161tis [mm]: 119 I\u0161orinis skersmuo [mm]: 98 Vidinis skersmuo [mm]: 15 Vidinis skersmuo 2 [mm]: 15 Pasi\u016blymas: Sunkve\u017eimi\u0173 Br\u016bk\u0161ninis kodas: IC-D92E18, 4030776008487 Prek\u0117s kodas: D92E18 Elemento indeksas: Z12 D64 PCN: 84212300<\/p>\n","protected":false},"featured_media":520,"comment_status":"open","ping_status":"closed","template":"","meta":[],"product_brand":[35],"product_cat":[34,18],"product_tag":[],"class_list":{"0":"post-519","1":"product","2":"type-product","3":"status-publish","4":"has-post-thumbnail","6":"product_brand-hengst-filter","7":"product_cat-filtrai","8":"product_cat-visos-prekes","10":"first","11":"instock","12":"sale","13":"taxable","14":"shipping-taxable","15":"purchasable","16":"product-type-simple"},"jetpack_sharing_enabled":true,"_links":{"self":[{"href":"https:\/\/arvima.lt\/index.php?rest_route=\/wp\/v2\/product\/519","targetHints":{"allow":["GET"]}}],"collection":[{"href":"https:\/\/arvima.lt\/index.php?rest_route=\/wp\/v2\/product"}],"about":[{"href":"https:\/\/arvima.lt\/index.php?rest_route=\/wp\/v2\/types\/product"}],"replies":[{"embeddable":true,"href":"https:\/\/arvima.lt\/index.php?rest_route=%2Fwp%2Fv2%2Fcomments&post=519"}],"wp:featuredmedia":[{"embeddable":true,"href":"https:\/\/arvima.lt\/index.php?rest_route=\/wp\/v2\/media\/520"}],"wp:attachment":[{"href":"https:\/\/arvima.lt\/index.php?rest_route=%2Fwp%2Fv2%2Fmedia&parent=519"}],"wp:term":[{"taxonomy":"product_brand","embeddable":true,"href":"https:\/\/arvima.lt\/index.php?rest_route=%2Fwp%2Fv2%2Fproduct_brand&post=519"},{"taxonomy":"product_cat","embeddable":true,"href":"https:\/\/arvima.lt\/index.php?rest_route=%2Fwp%2Fv2%2Fproduct_cat&post=519"},{"taxonomy":"product_tag","embeddable":true,"href":"https:\/\/arvima.lt\/index.php?rest_route=%2Fwp%2Fv2%2Fproduct_tag&post=519"}],"curies":[{"name":"wp","href":"https:\/\/api.w.org\/{rel}","templated":true}]}}