{"id":529,"date":"2026-02-12T18:19:45","date_gmt":"2026-02-12T18:19:45","guid":{"rendered":"https:\/\/arvima.lt\/?post_type=product&#038;p=529"},"modified":"2026-02-12T18:32:57","modified_gmt":"2026-02-12T18:32:57","slug":"ledo-tirpiklis-skystas-alaska-max-700ml","status":"publish","type":"product","link":"https:\/\/arvima.lt\/?product=ledo-tirpiklis-skystas-alaska-max-700ml","title":{"rendered":"LEDO TIRPIKLIS SKYSTAS ALASKA MAX 700ML"},"content":{"rendered":"","protected":false},"excerpt":{"rendered":"<p>Ledo tirpiklis K2 Alaska MAX greitai ir lengvai pa\u0161alina led\u0105 nuo automobilio stikl\u0173 ir veidrod\u0117li\u0173<\/p>\n","protected":false},"featured_media":530,"comment_status":"open","ping_status":"closed","template":"","meta":[],"product_brand":[43],"product_cat":[18,40],"product_tag":[],"class_list":{"0":"post-529","1":"product","2":"type-product","3":"status-publish","4":"has-post-thumbnail","6":"product_brand-k2","7":"product_cat-visos-prekes","8":"product_cat-ziemos-prekes","10":"first","11":"instock","12":"taxable","13":"shipping-taxable","14":"purchasable","15":"product-type-simple"},"jetpack_sharing_enabled":true,"_links":{"self":[{"href":"https:\/\/arvima.lt\/index.php?rest_route=\/wp\/v2\/product\/529","targetHints":{"allow":["GET"]}}],"collection":[{"href":"https:\/\/arvima.lt\/index.php?rest_route=\/wp\/v2\/product"}],"about":[{"href":"https:\/\/arvima.lt\/index.php?rest_route=\/wp\/v2\/types\/product"}],"replies":[{"embeddable":true,"href":"https:\/\/arvima.lt\/index.php?rest_route=%2Fwp%2Fv2%2Fcomments&post=529"}],"wp:featuredmedia":[{"embeddable":true,"href":"https:\/\/arvima.lt\/index.php?rest_route=\/wp\/v2\/media\/530"}],"wp:attachment":[{"href":"https:\/\/arvima.lt\/index.php?rest_route=%2Fwp%2Fv2%2Fmedia&parent=529"}],"wp:term":[{"taxonomy":"product_brand","embeddable":true,"href":"https:\/\/arvima.lt\/index.php?rest_route=%2Fwp%2Fv2%2Fproduct_brand&post=529"},{"taxonomy":"product_cat","embeddable":true,"href":"https:\/\/arvima.lt\/index.php?rest_route=%2Fwp%2Fv2%2Fproduct_cat&post=529"},{"taxonomy":"product_tag","embeddable":true,"href":"https:\/\/arvima.lt\/index.php?rest_route=%2Fwp%2Fv2%2Fproduct_tag&post=529"}],"curies":[{"name":"wp","href":"https:\/\/api.w.org\/{rel}","templated":true}]}}