{"id":543,"date":"2026-02-12T18:44:57","date_gmt":"2026-02-12T18:44:57","guid":{"rendered":"https:\/\/arvima.lt\/?post_type=product&#038;p=543"},"modified":"2026-02-12T18:44:57","modified_gmt":"2026-02-12T18:44:57","slug":"vidaus-iranga-slide-jb-pa-046","status":"publish","type":"product","link":"https:\/\/arvima.lt\/?product=vidaus-iranga-slide-jb-pa-046","title":{"rendered":"Vidaus \u012franga SLIDE JB-PA-046"},"content":{"rendered":"<div class=\"attribute \">\n<div class=\"attr-content\">\n<div class=\"js-attr-content \"><strong class=\"\">Pavadinimas:<\/strong><\/div>\n<div class=\"js-attr-color_multiselect\">Vidaus \u012franga<\/div>\n<\/div>\n<\/div>\n<div class=\"attribute \">\n<div class=\"attr-content\">\n<div class=\"js-attr-content \"><strong class=\"\">Produkto asortimento pavadinimas:<\/strong><\/div>\n<div class=\"js-attr-color_multiselect\">Dir\u017eai<\/div>\n<\/div>\n<\/div>\n<div class=\"attribute \">\n<div class=\"attr-content\">\n<div class=\"js-attr-content \"><strong class=\"\">Spalva:<\/strong><\/div>\n<div class=\"js-attr-color_multiselect\">Raudona<\/div>\n<\/div>\n<\/div>\n<div class=\"attribute \">\n<div class=\"attr-content\">\n<div class=\"js-attr-content \"><strong class=\"\">Homologacija FIA:<\/strong><\/div>\n<div class=\"js-attr-color_multiselect\">Ne<\/div>\n<\/div>\n<\/div>\n<div class=\"attribute \">\n<div class=\"attr-content\">\n<div class=\"js-attr-content \"><strong class=\"\">Pasi\u016blymas:<\/strong><\/div>\n<div class=\"js-attr-color_multiselect\">Tiuningas<\/div>\n<\/div>\n<\/div>\n<div class=\"attribute \">\n<div class=\"attr-content\">\n<div class=\"js-attr-content \"><strong class=\"\">Br\u016bk\u0161ninis kodas:<\/strong><\/div>\n<div class=\"js-attr-color_multiselect\">5903713080220<\/div>\n<\/div>\n<\/div>\n<div class=\"attribute \">\n<div class=\"attr-content\">\n<div class=\"js-attr-content \"><strong class=\"\">Prek\u0117s kodas:<\/strong><\/div>\n<div class=\"js-attr-color_multiselect\">E72CC2<\/div>\n<\/div>\n<\/div>\n<div class=\"attribute \">\n<div class=\"attr-content\">\n<div class=\"js-attr-content \"><strong class=\"\">Elemento indeksas:<\/strong><\/div>\n<div class=\"js-attr-color_multiselect\">JB-PA-046<\/div>\n<\/div>\n<\/div>\n<div class=\"attribute pcn\">\n<div class=\"attr-content\">\n<div class=\"js-attr-content \"><strong class=\"\">PCN:<\/strong><\/div>\n<div class=\"js-attr-color_multiselect\">87082190<\/div>\n<\/div>\n<\/div>\n","protected":false},"excerpt":{"rendered":"<p>Pavadinimas: Vidaus \u012franga Produkto asortimento pavadinimas: Dir\u017eai Spalva: Raudona Homologacija FIA: Ne Pasi\u016blymas: Tiuningas Br\u016bk\u0161ninis kodas: 5903713080220 Prek\u0117s kodas: E72CC2 Elemento indeksas: JB-PA-046 PCN: 87082190<\/p>\n","protected":false},"featured_media":544,"comment_status":"open","ping_status":"closed","template":"","meta":[],"product_brand":[45],"product_cat":[27,18],"product_tag":[],"class_list":{"0":"post-543","1":"product","2":"type-product","3":"status-publish","4":"has-post-thumbnail","6":"product_brand-slide","7":"product_cat-nestandartines-detales","8":"product_cat-visos-prekes","10":"first","11":"outofstock","12":"taxable","13":"shipping-taxable","14":"purchasable","15":"product-type-simple"},"jetpack_sharing_enabled":true,"_links":{"self":[{"href":"https:\/\/arvima.lt\/index.php?rest_route=\/wp\/v2\/product\/543","targetHints":{"allow":["GET"]}}],"collection":[{"href":"https:\/\/arvima.lt\/index.php?rest_route=\/wp\/v2\/product"}],"about":[{"href":"https:\/\/arvima.lt\/index.php?rest_route=\/wp\/v2\/types\/product"}],"replies":[{"embeddable":true,"href":"https:\/\/arvima.lt\/index.php?rest_route=%2Fwp%2Fv2%2Fcomments&post=543"}],"wp:featuredmedia":[{"embeddable":true,"href":"https:\/\/arvima.lt\/index.php?rest_route=\/wp\/v2\/media\/544"}],"wp:attachment":[{"href":"https:\/\/arvima.lt\/index.php?rest_route=%2Fwp%2Fv2%2Fmedia&parent=543"}],"wp:term":[{"taxonomy":"product_brand","embeddable":true,"href":"https:\/\/arvima.lt\/index.php?rest_route=%2Fwp%2Fv2%2Fproduct_brand&post=543"},{"taxonomy":"product_cat","embeddable":true,"href":"https:\/\/arvima.lt\/index.php?rest_route=%2Fwp%2Fv2%2Fproduct_cat&post=543"},{"taxonomy":"product_tag","embeddable":true,"href":"https:\/\/arvima.lt\/index.php?rest_route=%2Fwp%2Fv2%2Fproduct_tag&post=543"}],"curies":[{"name":"wp","href":"https:\/\/api.w.org\/{rel}","templated":true}]}}