{"id":549,"date":"2026-02-12T19:05:23","date_gmt":"2026-02-12T19:05:23","guid":{"rendered":"https:\/\/arvima.lt\/?post_type=product&#038;p=549"},"modified":"2026-02-12T19:05:23","modified_gmt":"2026-02-12T19:05:23","slug":"akumuliatorius-bosch-0-092-s50-070-12v-74ah-750a-d","status":"publish","type":"product","link":"https:\/\/arvima.lt\/?product=akumuliatorius-bosch-0-092-s50-070-12v-74ah-750a-d","title":{"rendered":"Akumuliatorius BOSCH 0 092 S50 070 12V 74Ah 750A D+"},"content":{"rendered":"<div class=\"attribute \">\n<div class=\"attr-content\">\n<div class=\"js-attr-content \"><strong class=\"\">Pritaikymas:<\/strong><\/div>\n<div class=\"js-attr-color_multiselect\">Lengv\u0173j\u0173<\/div>\n<\/div>\n<\/div>\n<div class=\"attribute \">\n<div class=\"attr-content\">\n<div class=\"js-attr-content \"><strong class=\"\">Akumuliatoriaus talpa [Ah]:<\/strong><\/div>\n<div class=\"js-attr-color_multiselect\">74<\/div>\n<\/div>\n<\/div>\n<div class=\"attribute \">\n<div class=\"attr-content\">\n<div class=\"js-attr-content \"><strong class=\"\">Akumuliatoriaus paleidimo srov\u0117 [A]:<\/strong><\/div>\n<div class=\"js-attr-color_multiselect\">750<\/div>\n<\/div>\n<\/div>\n<div class=\"attribute \">\n<div class=\"attr-content\">\n<div class=\"js-attr-content \"><strong class=\"\">Akumuliatoriaus tipas:<\/strong><\/div>\n<div class=\"js-attr-color_multiselect\">U\u017evedimo<\/div>\n<\/div>\n<\/div>\n<div class=\"attribute \">\n<div class=\"attr-content\">\n<div class=\"js-attr-content \"><strong class=\"\">Akumuliatoriaus gnybtai:<\/strong><\/div>\n<div class=\"js-attr-color_multiselect\">D+<\/div>\n<\/div>\n<\/div>\n<div class=\"attribute \">\n<div class=\"attr-content\">\n<div class=\"js-attr-content \"><strong class=\"\">Akumuliatoriaus modelis:<\/strong><\/div>\n<div class=\"js-attr-color_multiselect\">S5<\/div>\n<\/div>\n<\/div>\n<div class=\"attribute \">\n<div class=\"attr-content\">\n<div class=\"js-attr-content \"><strong class=\"\">Ilgis [mm]:<\/strong><\/div>\n<div class=\"js-attr-color_multiselect\">278<\/div>\n<\/div>\n<\/div>\n<div class=\"attribute \">\n<div class=\"attr-content\">\n<div class=\"js-attr-content \"><strong class=\"\">Plotis [mm]:<\/strong><\/div>\n<div class=\"js-attr-color_multiselect\">175<\/div>\n<\/div>\n<\/div>\n<div class=\"attribute \">\n<div class=\"attr-content\">\n<div class=\"js-attr-content \"><strong class=\"\">Auk\u0161tis [mm]:<\/strong><\/div>\n<div class=\"js-attr-color_multiselect\">175<\/div>\n<\/div>\n<\/div>\n<div class=\"attribute \">\n<div class=\"attr-content\">\n<div class=\"js-attr-content \"><strong class=\"\">Akumuliatoriaus tvirtinimo tipas:<\/strong><\/div>\n<div class=\"js-attr-color_multiselect\">B00- be tvirtinimo pado<\/div>\n<\/div>\n<\/div>\n<div class=\"attribute \">\n<div class=\"attr-content\">\n<div class=\"js-attr-content \"><strong class=\"\">Akumuliatoriaus vardin\u0117 \u012ftampa [V]:<\/strong><\/div>\n<div class=\"js-attr-color_multiselect\">12<\/div>\n<\/div>\n<\/div>\n<div class=\"attribute \">\n<div class=\"attr-content\">\n<div class=\"js-attr-content \"><strong class=\"\">Br\u016bk\u0161ninis kodas:<\/strong><\/div>\n<div class=\"js-attr-color_multiselect\">4047023479563,<\/div>\n<\/div>\n<\/div>\n<div class=\"attribute \">\n<div class=\"attr-content\">\n<div class=\"js-attr-content \"><strong class=\"\">Prek\u0117s kodas:<\/strong><\/div>\n<div class=\"js-attr-color_multiselect\">A8F3D1<\/div>\n<\/div>\n<\/div>\n<div class=\"attribute \">\n<div class=\"attr-content\">\n<div class=\"js-attr-content \"><strong class=\"\">Elemento indeksas:<\/strong><\/div>\n<div class=\"js-attr-color_multiselect\">0 092 S50 070<\/div>\n<\/div>\n<\/div>\n<div class=\"attribute pcn\">\n<div class=\"attr-content\">\n<div class=\"js-attr-content \"><strong class=\"\">PCN:<\/strong><\/div>\n<div class=\"js-attr-color_multiselect\">85071020<\/div>\n<\/div>\n<\/div>\n","protected":false},"excerpt":{"rendered":"<p>Pritaikymas: Lengv\u0173j\u0173 Akumuliatoriaus talpa [Ah]: 74 Akumuliatoriaus paleidimo srov\u0117 [A]: 750 Akumuliatoriaus tipas: U\u017evedimo Akumuliatoriaus gnybtai: D+ Akumuliatoriaus modelis: S5 Ilgis [mm]: 278 Plotis [mm]: 175 Auk\u0161tis [mm]: 175 Akumuliatoriaus tvirtinimo tipas: B00- be tvirtinimo pado Akumuliatoriaus vardin\u0117 \u012ftampa [V]: 12 Br\u016bk\u0161ninis kodas: 4047023479563, Prek\u0117s kodas: A8F3D1 Elemento indeksas: 0 092 S50 070 PCN: 85071020<\/p>\n","protected":false},"featured_media":550,"comment_status":"open","ping_status":"closed","template":"","meta":[],"product_brand":[31],"product_cat":[26,18],"product_tag":[],"class_list":{"0":"post-549","1":"product","2":"type-product","3":"status-publish","4":"has-post-thumbnail","6":"product_brand-bosch","7":"product_cat-akumuliatoriai","8":"product_cat-visos-prekes","10":"first","11":"instock","12":"taxable","13":"shipping-taxable","14":"purchasable","15":"product-type-simple"},"jetpack_sharing_enabled":true,"_links":{"self":[{"href":"https:\/\/arvima.lt\/index.php?rest_route=\/wp\/v2\/product\/549","targetHints":{"allow":["GET"]}}],"collection":[{"href":"https:\/\/arvima.lt\/index.php?rest_route=\/wp\/v2\/product"}],"about":[{"href":"https:\/\/arvima.lt\/index.php?rest_route=\/wp\/v2\/types\/product"}],"replies":[{"embeddable":true,"href":"https:\/\/arvima.lt\/index.php?rest_route=%2Fwp%2Fv2%2Fcomments&post=549"}],"wp:featuredmedia":[{"embeddable":true,"href":"https:\/\/arvima.lt\/index.php?rest_route=\/wp\/v2\/media\/550"}],"wp:attachment":[{"href":"https:\/\/arvima.lt\/index.php?rest_route=%2Fwp%2Fv2%2Fmedia&parent=549"}],"wp:term":[{"taxonomy":"product_brand","embeddable":true,"href":"https:\/\/arvima.lt\/index.php?rest_route=%2Fwp%2Fv2%2Fproduct_brand&post=549"},{"taxonomy":"product_cat","embeddable":true,"href":"https:\/\/arvima.lt\/index.php?rest_route=%2Fwp%2Fv2%2Fproduct_cat&post=549"},{"taxonomy":"product_tag","embeddable":true,"href":"https:\/\/arvima.lt\/index.php?rest_route=%2Fwp%2Fv2%2Fproduct_tag&post=549"}],"curies":[{"name":"wp","href":"https:\/\/api.w.org\/{rel}","templated":true}]}}