{"id":558,"date":"2026-02-12T19:16:42","date_gmt":"2026-02-12T19:16:42","guid":{"rendered":"https:\/\/arvima.lt\/?post_type=product&#038;p=558"},"modified":"2026-02-12T19:16:42","modified_gmt":"2026-02-12T19:16:42","slug":"akumuliatorius-ah90m","status":"publish","type":"product","link":"https:\/\/arvima.lt\/?product=akumuliatorius-ah90m","title":{"rendered":"AKUMULIATORIUS AH90M"},"content":{"rendered":"<table class=\"product-page__content__product-data__product-data__attributes-table\">\n<tbody>\n<tr>\n<td>Akumuliatoriaus tipas<\/td>\n<td>SFB<\/td>\n<\/tr>\n<tr>\n<td>Didel\u0117 startin\u0117 galia<\/td>\n<td>Stabili startin\u0117 srov\u0117 net esant ypa\u010d \u017eemai temperat\u016brai. Voko tipo separatoriai, pagaminti i\u0161 mikroporingo polietileno, apsaugo nuo trumpojo jungimo ir u\u017etikrina patikim\u0105 srov\u0117s nukreipim\u0105.<\/td>\n<\/tr>\n<tr>\n<td>Gamintojas<\/td>\n<td>MUTLU<\/td>\n<\/tr>\n<tr>\n<td>Geresnis atsparumas giliam i\u0161krovimui<\/td>\n<td>Minimalus savaiminis i\u0161sikrovimas, leid\u017eiantis ilgiau i\u0161laikyti akumuliatori\u0173 paruo\u0161t\u0105 darbui.<\/td>\n<\/tr>\n<tr>\n<td>Greitesnis \u012fkrovimas<\/td>\n<td>Greitai \u012fsikrauna net jei buvo visi\u0161kai i\u0161krautas. Daugiau plok\u0161teli\u0173 sugeneruoja iki 30 % stipresn\u0119 startin\u0119 srov\u0119. \u201eMagic Eye\u201c indikatoriuje matysite akumuliatoriaus \u012fkrovos b\u016bsen\u0105.<\/td>\n<\/tr>\n<tr>\n<td>Ilgesnis tarnavimo laikas<\/td>\n<td>U\u017edara SMF (Sealed Maintenance-Free) dang\u010dio konstrukcija apsaugo nuo nuot\u0117kio bei nereikalauja jokios prie\u017ei\u016bros. Atsparum\u0105 korozijai U\u017etikrina \u201eExpanded Metal\u201c technologija.<\/td>\n<\/tr>\n<tr>\n<td>Ilgis x Plotis x Auk\u0161tis (mm)<\/td>\n<td>315x175x190<\/td>\n<\/tr>\n<tr>\n<td>Importuotojas<\/td>\n<td>SIGNEDA,\u00a0safety@signeda.info<\/td>\n<\/tr>\n<tr>\n<td>Kokyb\u0117<\/td>\n<td>PQ<\/td>\n<\/tr>\n<tr>\n<td>Papildoma informacija<\/td>\n<td>MUTLU AH90M akumuliatoriai yra gaminami naudojant pa\u017eangi\u0105 kalcio (Ca) tinklelio technologij\u0105, kuri u\u017etikrina stabili\u0105 startin\u0119 srov\u0119, na\u0161um\u0105 ir ilgaam\u017ei\u0161kum\u0105.<\/td>\n<\/tr>\n<tr>\n<td>Prek\u0117s \u017eenklo kokyb\u0117s klas\u0117<\/td>\n<td>Auk\u0161\u010diausia<\/td>\n<\/tr>\n<tr>\n<td>Produkto sauga<\/td>\n<td>Produktas atitinka GSPR saugos reikalavimus. Naudoti pagal paskirt\u012f.<\/td>\n<\/tr>\n<tr>\n<td>Produkto tipas<\/td>\n<td>Aftermarket<\/td>\n<\/tr>\n<tr>\n<td>Startin\u0117 srov\u0117<\/td>\n<td>850A (EN)<\/td>\n<\/tr>\n<tr>\n<td>Talpa AH<\/td>\n<td>90Ah<\/td>\n<\/tr>\n<\/tbody>\n<\/table>\n","protected":false},"excerpt":{"rendered":"<p>Akumuliatoriaus tipas SFB Didel\u0117 startin\u0117 galia Stabili startin\u0117 srov\u0117 net esant ypa\u010d \u017eemai temperat\u016brai. Voko tipo separatoriai, pagaminti i\u0161 mikroporingo polietileno, apsaugo nuo trumpojo jungimo ir u\u017etikrina patikim\u0105 srov\u0117s nukreipim\u0105. Gamintojas MUTLU Geresnis atsparumas giliam i\u0161krovimui Minimalus savaiminis i\u0161sikrovimas, leid\u017eiantis ilgiau i\u0161laikyti akumuliatori\u0173 paruo\u0161t\u0105 darbui. Greitesnis \u012fkrovimas Greitai \u012fsikrauna net jei buvo visi\u0161kai i\u0161krautas. Daugiau [&hellip;]<\/p>\n","protected":false},"featured_media":559,"comment_status":"open","ping_status":"closed","template":"","meta":[],"product_brand":[28],"product_cat":[26,18],"product_tag":[],"class_list":{"0":"post-558","1":"product","2":"type-product","3":"status-publish","4":"has-post-thumbnail","6":"product_brand-mutlu","7":"product_cat-akumuliatoriai","8":"product_cat-visos-prekes","10":"first","11":"outofstock","12":"taxable","13":"shipping-taxable","14":"purchasable","15":"product-type-simple"},"jetpack_sharing_enabled":true,"_links":{"self":[{"href":"https:\/\/arvima.lt\/index.php?rest_route=\/wp\/v2\/product\/558","targetHints":{"allow":["GET"]}}],"collection":[{"href":"https:\/\/arvima.lt\/index.php?rest_route=\/wp\/v2\/product"}],"about":[{"href":"https:\/\/arvima.lt\/index.php?rest_route=\/wp\/v2\/types\/product"}],"replies":[{"embeddable":true,"href":"https:\/\/arvima.lt\/index.php?rest_route=%2Fwp%2Fv2%2Fcomments&post=558"}],"wp:featuredmedia":[{"embeddable":true,"href":"https:\/\/arvima.lt\/index.php?rest_route=\/wp\/v2\/media\/559"}],"wp:attachment":[{"href":"https:\/\/arvima.lt\/index.php?rest_route=%2Fwp%2Fv2%2Fmedia&parent=558"}],"wp:term":[{"taxonomy":"product_brand","embeddable":true,"href":"https:\/\/arvima.lt\/index.php?rest_route=%2Fwp%2Fv2%2Fproduct_brand&post=558"},{"taxonomy":"product_cat","embeddable":true,"href":"https:\/\/arvima.lt\/index.php?rest_route=%2Fwp%2Fv2%2Fproduct_cat&post=558"},{"taxonomy":"product_tag","embeddable":true,"href":"https:\/\/arvima.lt\/index.php?rest_route=%2Fwp%2Fv2%2Fproduct_tag&post=558"}],"curies":[{"name":"wp","href":"https:\/\/api.w.org\/{rel}","templated":true}]}}