{"id":560,"date":"2026-02-12T19:21:27","date_gmt":"2026-02-12T19:21:27","guid":{"rendered":"https:\/\/arvima.lt\/?post_type=product&#038;p=560"},"modified":"2026-02-12T19:30:28","modified_gmt":"2026-02-12T19:30:28","slug":"akumuliatorius-100ah-900a-ca-ca-353x175x190-b13","status":"publish","type":"product","link":"https:\/\/arvima.lt\/?product=akumuliatorius-100ah-900a-ca-ca-353x175x190-b13","title":{"rendered":"Akumuliatorius 100Ah\/900A Ca-Ca 353x175x190 -+\/B13"},"content":{"rendered":"<ul class=\"attributes\">\n<li style=\"list-style-type: none;\">\n<ul class=\"attributes\">\n<li style=\"list-style-type: none;\">\n<ul class=\"w-full laptop:max-w-[355px] flex flex-col list-none p-0\">\n<li class=\"flex flex-wrap border-b-light border-b-[1px] justify-between\"><span class=\"p-8\">Svoris:<\/span><span class=\"p-8\">21.5 kg<\/span><\/li>\n<\/ul>\n<\/li>\n<li style=\"list-style-type: none;\">\n<ul class=\"w-full laptop:max-w-[355px] flex flex-col list-none p-0\">\n<li class=\"flex flex-wrap border-b-light border-b-[1px] justify-between\"><span class=\"p-8\">Ilgis, mm:<\/span><span class=\"p-8\">353<\/span><\/li>\n<li class=\"flex flex-wrap border-b-light border-b-[1px] justify-between\"><span class=\"p-8\">Specifikacijos:<\/span><span class=\"p-8\">Ca-Ca<\/span><\/li>\n<li class=\"flex flex-wrap border-b-light border-b-[1px] justify-between\"><span class=\"p-8\">Auk\u0161tis, mm:<\/span><span class=\"p-8\">190<\/span><\/li>\n<li class=\"flex flex-wrap border-b-light border-b-[1px] justify-between\"><span class=\"p-8\">Plotis, mm:<\/span><span class=\"p-8\">175<\/span><\/li>\n<li class=\"flex flex-wrap border-b-light border-b-[1px] justify-between\"><span class=\"p-8\">Talpa, Ah:<\/span><span class=\"p-8\">100<\/span><\/li>\n<li class=\"flex flex-wrap border-b-light border-b-[1px] justify-between\"><span class=\"p-8\">\u012etampa, V:<\/span><span class=\"p-8\">12<\/span><\/li>\n<li class=\"flex flex-wrap border-b-light border-b-[1px] justify-between\"><span class=\"p-8\">Startin\u0117 srov\u0117, A:<\/span><span class=\"p-8\">900<\/span><\/li>\n<\/ul>\n<\/li>\n<li style=\"list-style-type: none;\">\n<ul class=\"w-full laptop:max-w-[355px] flex flex-col list-none p-0\">\n<li class=\"flex flex-wrap border-b-light border-b-[1px] justify-between\"><span class=\"p-8\"><b>apribojimo tipas:<\/b><\/span><span class=\"p-8\">B13<\/span><\/li>\n<li class=\"flex flex-wrap border-b-light border-b-[1px] justify-between\"><span class=\"p-8\"><b>\u012ftampa [V]:<\/b><\/span><span class=\"p-8\">12<\/span><\/li>\n<li class=\"flex flex-wrap border-b-light border-b-[1px] justify-between\"><span class=\"p-8\"><b>\u0161alto testo srov\u0117, EN [A]:<\/b><\/span><span class=\"p-8\">800<\/span><\/li>\n<li class=\"flex flex-wrap border-b-light border-b-[1px] justify-between\"><span class=\"p-8\"><b>akumuliatoriaus talpa [Ah]:<\/b><\/span><span class=\"p-8\">95<\/span><\/li>\n<li class=\"flex flex-wrap border-b-light border-b-[1px] justify-between\"><span class=\"p-8\"><b>poli\u0173 pad\u0117tys:<\/b><\/span><span class=\"p-8\">0<\/span><\/li>\n<li class=\"flex flex-wrap border-b-light border-b-[1px] justify-between\"><span class=\"p-8\"><b>ilgis [mm]:<\/b><\/span><span class=\"p-8\">353<\/span><\/li>\n<li class=\"flex flex-wrap border-b-light border-b-[1px] justify-between\"><span class=\"p-8\"><b>plotis [mm]:<\/b><\/span><span class=\"p-8\">175<\/span><\/li>\n<li class=\"flex flex-wrap border-b-light border-b-[1px] justify-between\"><span class=\"p-8\"><b>auk\u0161tis [mm]:<\/b><\/span><span class=\"p-8\">190<\/span><\/li>\n<li class=\"flex flex-wrap border-b-light border-b-[1px] justify-between\"><span class=\"p-8\"><b>terminalo tipas:<\/b><\/span><\/li>\n<\/ul>\n<\/li>\n<\/ul>\n<\/li>\n<\/ul>\n<p>&nbsp;<\/p>\n","protected":false},"excerpt":{"rendered":"<p>Svoris:21.5 kg Ilgis, mm:353 Specifikacijos:Ca-Ca Auk\u0161tis, mm:190 Plotis, mm:175 Talpa, Ah:100 \u012etampa, V:12 Startin\u0117 srov\u0117, A:900 apribojimo tipas:B13 \u012ftampa [V]:12 \u0161alto testo srov\u0117, EN [A]:800 akumuliatoriaus talpa [Ah]:95 poli\u0173 pad\u0117tys:0 ilgis [mm]:353 plotis [mm]:175 auk\u0161tis [mm]:190 terminalo tipas: &nbsp;<\/p>\n","protected":false},"featured_media":561,"comment_status":"open","ping_status":"closed","template":"","meta":[],"product_brand":[47],"product_cat":[26,18],"product_tag":[],"class_list":{"0":"post-560","1":"product","2":"type-product","3":"status-publish","4":"has-post-thumbnail","6":"product_brand-esan","7":"product_cat-akumuliatoriai","8":"product_cat-visos-prekes","10":"first","11":"instock","12":"taxable","13":"shipping-taxable","14":"purchasable","15":"product-type-simple"},"jetpack_sharing_enabled":true,"_links":{"self":[{"href":"https:\/\/arvima.lt\/index.php?rest_route=\/wp\/v2\/product\/560","targetHints":{"allow":["GET"]}}],"collection":[{"href":"https:\/\/arvima.lt\/index.php?rest_route=\/wp\/v2\/product"}],"about":[{"href":"https:\/\/arvima.lt\/index.php?rest_route=\/wp\/v2\/types\/product"}],"replies":[{"embeddable":true,"href":"https:\/\/arvima.lt\/index.php?rest_route=%2Fwp%2Fv2%2Fcomments&post=560"}],"wp:featuredmedia":[{"embeddable":true,"href":"https:\/\/arvima.lt\/index.php?rest_route=\/wp\/v2\/media\/561"}],"wp:attachment":[{"href":"https:\/\/arvima.lt\/index.php?rest_route=%2Fwp%2Fv2%2Fmedia&parent=560"}],"wp:term":[{"taxonomy":"product_brand","embeddable":true,"href":"https:\/\/arvima.lt\/index.php?rest_route=%2Fwp%2Fv2%2Fproduct_brand&post=560"},{"taxonomy":"product_cat","embeddable":true,"href":"https:\/\/arvima.lt\/index.php?rest_route=%2Fwp%2Fv2%2Fproduct_cat&post=560"},{"taxonomy":"product_tag","embeddable":true,"href":"https:\/\/arvima.lt\/index.php?rest_route=%2Fwp%2Fv2%2Fproduct_tag&post=560"}],"curies":[{"name":"wp","href":"https:\/\/api.w.org\/{rel}","templated":true}]}}