{"id":562,"date":"2026-02-12T19:25:57","date_gmt":"2026-02-12T19:25:57","guid":{"rendered":"https:\/\/arvima.lt\/?post_type=product&#038;p=562"},"modified":"2026-02-12T19:26:41","modified_gmt":"2026-02-12T19:26:41","slug":"akumuliatorius-autopart-galaxy-silver-100ah-900a","status":"publish","type":"product","link":"https:\/\/arvima.lt\/?product=akumuliatorius-autopart-galaxy-silver-100ah-900a","title":{"rendered":"Akumuliatorius Autopart Galaxy Silver 100Ah 900A"},"content":{"rendered":"<ul class=\"list-unstyled\">\n<li class=\"row\">\n<div class=\"col-md-7\"><strong>akumuliatoriaus talpa [Ah]<\/strong><\/div>\n<div class=\"col-md-5\">100<\/div>\n<\/li>\n<li class=\"row\">\n<div class=\"col-md-7\"><strong>auk\u0161tis [mm]<\/strong><\/div>\n<div class=\"col-md-5\">190<\/div>\n<\/li>\n<li class=\"row\">\n<div class=\"col-md-7\"><strong>ilgis [mm]<\/strong><\/div>\n<div class=\"col-md-5\">353<\/div>\n<\/li>\n<li class=\"row\">\n<div class=\"col-md-7\"><strong>\u012ftampa [V]<\/strong><\/div>\n<div class=\"col-md-5\">12<\/div>\n<\/li>\n<li class=\"row\">\n<div class=\"col-md-7\"><strong>plotis [mm]<\/strong><\/div>\n<div class=\"col-md-5\">175<\/div>\n<\/li>\n<li class=\"row\">\n<div class=\"col-md-7\"><strong>\u0161alto testo srov\u0117, EN [A]<\/strong><\/div>\n<div class=\"col-md-5\">850<\/div>\n<\/li>\n<li class=\"row\">\n<div class=\"col-md-7\"><strong>Tipas<\/strong><\/div>\n<div class=\"col-md-5\">\u0160vino r\u016bg\u0161tiniai (Standartiniai)<\/div>\n<\/li>\n<\/ul>\n","protected":false},"excerpt":{"rendered":"<p>akumuliatoriaus talpa [Ah] 100 auk\u0161tis [mm] 190 ilgis [mm] 353 \u012ftampa [V] 12 plotis [mm] 175 \u0161alto testo srov\u0117, EN [A] 850 Tipas \u0160vino r\u016bg\u0161tiniai (Standartiniai)<\/p>\n","protected":false},"featured_media":564,"comment_status":"open","ping_status":"closed","template":"","meta":[],"product_brand":[48],"product_cat":[26,18],"product_tag":[],"class_list":{"0":"post-562","1":"product","2":"type-product","3":"status-publish","4":"has-post-thumbnail","6":"product_brand-autopart","7":"product_cat-akumuliatoriai","8":"product_cat-visos-prekes","10":"first","11":"instock","12":"taxable","13":"shipping-taxable","14":"purchasable","15":"product-type-simple"},"jetpack_sharing_enabled":true,"_links":{"self":[{"href":"https:\/\/arvima.lt\/index.php?rest_route=\/wp\/v2\/product\/562","targetHints":{"allow":["GET"]}}],"collection":[{"href":"https:\/\/arvima.lt\/index.php?rest_route=\/wp\/v2\/product"}],"about":[{"href":"https:\/\/arvima.lt\/index.php?rest_route=\/wp\/v2\/types\/product"}],"replies":[{"embeddable":true,"href":"https:\/\/arvima.lt\/index.php?rest_route=%2Fwp%2Fv2%2Fcomments&post=562"}],"wp:featuredmedia":[{"embeddable":true,"href":"https:\/\/arvima.lt\/index.php?rest_route=\/wp\/v2\/media\/564"}],"wp:attachment":[{"href":"https:\/\/arvima.lt\/index.php?rest_route=%2Fwp%2Fv2%2Fmedia&parent=562"}],"wp:term":[{"taxonomy":"product_brand","embeddable":true,"href":"https:\/\/arvima.lt\/index.php?rest_route=%2Fwp%2Fv2%2Fproduct_brand&post=562"},{"taxonomy":"product_cat","embeddable":true,"href":"https:\/\/arvima.lt\/index.php?rest_route=%2Fwp%2Fv2%2Fproduct_cat&post=562"},{"taxonomy":"product_tag","embeddable":true,"href":"https:\/\/arvima.lt\/index.php?rest_route=%2Fwp%2Fv2%2Fproduct_tag&post=562"}],"curies":[{"name":"wp","href":"https:\/\/api.w.org\/{rel}","templated":true}]}}