{"id":567,"date":"2026-02-12T19:31:29","date_gmt":"2026-02-12T19:31:29","guid":{"rendered":"https:\/\/arvima.lt\/?post_type=product&#038;p=567"},"modified":"2026-02-12T19:33:04","modified_gmt":"2026-02-12T19:33:04","slug":"akumuliatorius-80ah-750a-ca-ca-315x175x175-b13","status":"publish","type":"product","link":"https:\/\/arvima.lt\/?product=akumuliatorius-80ah-750a-ca-ca-315x175x175-b13","title":{"rendered":"Akumuliatorius 80Ah\/750A Ca-Ca 315x175x175 -+\/B13"},"content":{"rendered":"<ul class=\"w-full laptop:max-w-[355px] flex flex-col list-none p-0\">\n<li class=\"flex flex-wrap border-b-light border-b-[1px] justify-between\"><span class=\"p-8\">Svoris:<\/span><span class=\"p-8\">17.8 kg<\/span><\/li>\n<\/ul>\n<ul class=\"w-full laptop:max-w-[355px] flex flex-col list-none p-0\">\n<li class=\"flex flex-wrap border-b-light border-b-[1px] justify-between\"><span class=\"p-8\">\u012etampa, V:<\/span><span class=\"p-8\">12<\/span><\/li>\n<li class=\"flex flex-wrap border-b-light border-b-[1px] justify-between\"><span class=\"p-8\">Startin\u0117 srov\u0117, A:<\/span><span class=\"p-8\">750<\/span><\/li>\n<li class=\"flex flex-wrap border-b-light border-b-[1px] justify-between\"><span class=\"p-8\">Ilgis, mm:<\/span><span class=\"p-8\">315<\/span><\/li>\n<li class=\"flex flex-wrap border-b-light border-b-[1px] justify-between\"><span class=\"p-8\">Specifikacijos:<\/span><span class=\"p-8\">Ca-Ca<\/span><\/li>\n<li class=\"flex flex-wrap border-b-light border-b-[1px] justify-between\"><span class=\"p-8\">Auk\u0161tis, mm:<\/span><span class=\"p-8\">175<\/span><\/li>\n<li class=\"flex flex-wrap border-b-light border-b-[1px] justify-between\"><span class=\"p-8\">Plotis, mm:<\/span><span class=\"p-8\">175<\/span><\/li>\n<li class=\"flex flex-wrap border-b-light border-b-[1px] justify-between\"><span class=\"p-8\">Talpa, Ah:<\/span><span class=\"p-8\">80<\/span><\/li>\n<\/ul>\n<ul class=\"w-full laptop:max-w-[355px] flex flex-col list-none p-0\">\n<li class=\"flex flex-wrap border-b-light border-b-[1px] justify-between\"><span class=\"p-8\"><b>apribojimo tipas:<\/b><\/span><span class=\"p-8\">B13<\/span><\/li>\n<li class=\"flex flex-wrap border-b-light border-b-[1px] justify-between\"><span class=\"p-8\"><b>\u012ftampa [V]:<\/b><\/span><span class=\"p-8\">12<\/span><\/li>\n<li class=\"flex flex-wrap border-b-light border-b-[1px] justify-between\"><span class=\"p-8\"><b>\u0161alto testo srov\u0117, EN [A]:<\/b><\/span><span class=\"p-8\">740<\/span><\/li>\n<li class=\"flex flex-wrap border-b-light border-b-[1px] justify-between\"><span class=\"p-8\"><b>akumuliatoriaus talpa [Ah]:<\/b><\/span><span class=\"p-8\">80<\/span><\/li>\n<li class=\"flex flex-wrap border-b-light border-b-[1px] justify-between\"><span class=\"p-8\"><b>poli\u0173 pad\u0117tys:<\/b><\/span><span class=\"p-8\">0<\/span><\/li>\n<li class=\"flex flex-wrap border-b-light border-b-[1px] justify-between\"><span class=\"p-8\"><b>ilgis [mm]:<\/b><\/span><span class=\"p-8\">315<\/span><\/li>\n<li class=\"flex flex-wrap border-b-light border-b-[1px] justify-between\"><span class=\"p-8\"><b>plotis [mm]:<\/b><\/span><span class=\"p-8\">175<\/span><\/li>\n<li class=\"flex flex-wrap border-b-light border-b-[1px] justify-between\"><span class=\"p-8\"><b>auk\u0161tis [mm]:<\/b><\/span><span class=\"p-8\">175<\/span><\/li>\n<li class=\"flex flex-wrap border-b-light border-b-[1px] justify-between\"><span class=\"p-8\"><b>terminalo tipas:<\/b><\/span><span class=\"p-8\">1<\/span><\/li>\n<\/ul>\n","protected":false},"excerpt":{"rendered":"<p>Svoris:17.8 kg \u012etampa, V:12 Startin\u0117 srov\u0117, A:750 Ilgis, mm:315 Specifikacijos:Ca-Ca Auk\u0161tis, mm:175 Plotis, mm:175 Talpa, Ah:80 apribojimo tipas:B13 \u012ftampa [V]:12 \u0161alto testo srov\u0117, EN [A]:740 akumuliatoriaus talpa [Ah]:80 poli\u0173 pad\u0117tys:0 ilgis [mm]:315 plotis [mm]:175 auk\u0161tis [mm]:175 terminalo tipas:1<\/p>\n","protected":false},"featured_media":568,"comment_status":"open","ping_status":"closed","template":"","meta":[],"product_brand":[47],"product_cat":[26,18],"product_tag":[],"class_list":{"0":"post-567","1":"product","2":"type-product","3":"status-publish","4":"has-post-thumbnail","6":"product_brand-esan","7":"product_cat-akumuliatoriai","8":"product_cat-visos-prekes","10":"first","11":"instock","12":"taxable","13":"shipping-taxable","14":"purchasable","15":"product-type-simple"},"jetpack_sharing_enabled":true,"_links":{"self":[{"href":"https:\/\/arvima.lt\/index.php?rest_route=\/wp\/v2\/product\/567","targetHints":{"allow":["GET"]}}],"collection":[{"href":"https:\/\/arvima.lt\/index.php?rest_route=\/wp\/v2\/product"}],"about":[{"href":"https:\/\/arvima.lt\/index.php?rest_route=\/wp\/v2\/types\/product"}],"replies":[{"embeddable":true,"href":"https:\/\/arvima.lt\/index.php?rest_route=%2Fwp%2Fv2%2Fcomments&post=567"}],"wp:featuredmedia":[{"embeddable":true,"href":"https:\/\/arvima.lt\/index.php?rest_route=\/wp\/v2\/media\/568"}],"wp:attachment":[{"href":"https:\/\/arvima.lt\/index.php?rest_route=%2Fwp%2Fv2%2Fmedia&parent=567"}],"wp:term":[{"taxonomy":"product_brand","embeddable":true,"href":"https:\/\/arvima.lt\/index.php?rest_route=%2Fwp%2Fv2%2Fproduct_brand&post=567"},{"taxonomy":"product_cat","embeddable":true,"href":"https:\/\/arvima.lt\/index.php?rest_route=%2Fwp%2Fv2%2Fproduct_cat&post=567"},{"taxonomy":"product_tag","embeddable":true,"href":"https:\/\/arvima.lt\/index.php?rest_route=%2Fwp%2Fv2%2Fproduct_tag&post=567"}],"curies":[{"name":"wp","href":"https:\/\/api.w.org\/{rel}","templated":true}]}}