{"id":571,"date":"2026-02-12T19:42:30","date_gmt":"2026-02-12T19:42:30","guid":{"rendered":"https:\/\/arvima.lt\/?post_type=product&#038;p=571"},"modified":"2026-02-14T16:10:31","modified_gmt":"2026-02-14T16:10:31","slug":"elite-spray-silicone-aero-150ml","status":"publish","type":"product","link":"https:\/\/arvima.lt\/?product=elite-spray-silicone-aero-150ml","title":{"rendered":"Elite spray silicone Aero 150ml"},"content":{"rendered":"<p>Pur\u0161kiamas bespalvis silikoninis tepalas puikus pagalbininkas norint:<br \/>\n&#8211; Atnaujinti dur\u0173 ir kitas gumines detales, apsaugoti nuo u\u017e\u0161\u0105limo. Tuo pa\u010diu ir u\u017esandarinti.<br \/>\n&#8211; Pa\u0161alinti dr\u0117gmei i\u0161 spyn\u0173, joms sutepti. Tuo pa\u010diu apsaugo nuo u\u017e\u0161\u0105limo.<br \/>\n&#8211; Pa\u0161alinti girg\u017ed\u0117jim\u0105 i\u0161 \u012fvairi\u0173 plastikini\u0173 detali\u0173. Jas sutepa, tuo pa\u010diu ir atnaujina. Bespalvis, su antistatin\u0117mis savyb\u0117mis, tod\u0117l ant pavir\u0161i\u0173 nesikaups ne\u0161varumai.<\/p>\n","protected":false},"excerpt":{"rendered":"<p>Pur\u0161kiamas bespalvis silikoninis tepalas puikus pagalbininkas norint: &#8211; Atnaujinti dur\u0173 ir kitas gumines detales, apsaugoti nuo u\u017e\u0161\u0105limo. Tuo pa\u010diu ir u\u017esandarinti. &#8211; Pa\u0161alinti dr\u0117gmei i\u0161 spyn\u0173, joms sutepti. Tuo pa\u010diu apsaugo nuo u\u017e\u0161\u0105limo. &#8211; Pa\u0161alinti girg\u017ed\u0117jim\u0105 i\u0161 \u012fvairi\u0173 plastikini\u0173 detali\u0173. Jas sutepa, tuo pa\u010diu ir atnaujina. Bespalvis, su antistatin\u0117mis savyb\u0117mis, tod\u0117l ant pavir\u0161i\u0173 nesikaups ne\u0161varumai.<\/p>\n","protected":false},"featured_media":732,"comment_status":"open","ping_status":"closed","template":"","meta":[],"product_brand":[36],"product_cat":[18,40],"product_tag":[],"class_list":{"0":"post-571","1":"product","2":"type-product","3":"status-publish","4":"has-post-thumbnail","6":"product_brand-elite","7":"product_cat-visos-prekes","8":"product_cat-ziemos-prekes","10":"first","11":"instock","12":"taxable","13":"shipping-taxable","14":"purchasable","15":"product-type-simple"},"jetpack_sharing_enabled":true,"_links":{"self":[{"href":"https:\/\/arvima.lt\/index.php?rest_route=\/wp\/v2\/product\/571","targetHints":{"allow":["GET"]}}],"collection":[{"href":"https:\/\/arvima.lt\/index.php?rest_route=\/wp\/v2\/product"}],"about":[{"href":"https:\/\/arvima.lt\/index.php?rest_route=\/wp\/v2\/types\/product"}],"replies":[{"embeddable":true,"href":"https:\/\/arvima.lt\/index.php?rest_route=%2Fwp%2Fv2%2Fcomments&post=571"}],"wp:featuredmedia":[{"embeddable":true,"href":"https:\/\/arvima.lt\/index.php?rest_route=\/wp\/v2\/media\/732"}],"wp:attachment":[{"href":"https:\/\/arvima.lt\/index.php?rest_route=%2Fwp%2Fv2%2Fmedia&parent=571"}],"wp:term":[{"taxonomy":"product_brand","embeddable":true,"href":"https:\/\/arvima.lt\/index.php?rest_route=%2Fwp%2Fv2%2Fproduct_brand&post=571"},{"taxonomy":"product_cat","embeddable":true,"href":"https:\/\/arvima.lt\/index.php?rest_route=%2Fwp%2Fv2%2Fproduct_cat&post=571"},{"taxonomy":"product_tag","embeddable":true,"href":"https:\/\/arvima.lt\/index.php?rest_route=%2Fwp%2Fv2%2Fproduct_tag&post=571"}],"curies":[{"name":"wp","href":"https:\/\/api.w.org\/{rel}","templated":true}]}}