{"id":573,"date":"2026-02-12T19:47:20","date_gmt":"2026-02-12T19:47:20","guid":{"rendered":"https:\/\/arvima.lt\/?post_type=product&#038;p=573"},"modified":"2026-02-12T19:47:20","modified_gmt":"2026-02-12T19:47:20","slug":"xado-atomic-oil-5w-40-c3-red-boost","status":"publish","type":"product","link":"https:\/\/arvima.lt\/?product=xado-atomic-oil-5w-40-c3-red-boost","title":{"rendered":"XADO Atomic Oil 5W-40 C3 RED BOOST"},"content":{"rendered":"<p>&nbsp;<\/p>\n<p>Atitinka specifikacij\u0173\u00a0ir automobili\u0173 gamintoj\u0173 reikalavimus:<\/p>\n<table class=\"specification-table\">\n<tbody>\n<tr>\n<td>ACEA C3<\/td>\n<td>API SN\/CF<\/td>\n<\/tr>\n<tr>\n<td>VW 502.00\/505.00\/505.01<\/td>\n<td>MB 229.31\/226.5<\/td>\n<\/tr>\n<tr>\n<td>MB 229.31<\/td>\n<td>MB\u00a0226.5<\/td>\n<\/tr>\n<tr>\n<td>BMW Longlife-04\u041c<\/td>\n<td>Porsche A40<\/td>\n<\/tr>\n<tr>\n<td>Renault RN0710\/RN0700<\/td>\n<td>GM dexos 2<\/td>\n<\/tr>\n<tr>\n<td>Ford WSS-M2C917-A<\/td>\n<td>Fiat 9.55535-T2\/S2\/GH2<\/td>\n<\/tr>\n<\/tbody>\n<\/table>\n<p>&nbsp;<\/p>\n<ul>\n<li>Pagaminta pagal \u00abmid SAPS\u00bb technologij\u0105 ir u\u017etikrina i\u0161metam\u0173j\u0173 duj\u0173 katalizatoriaus ir suod\u017ei\u0173 filtro prie\u017ei\u016br\u0105.<\/li>\n<li>Pasi\u017eymi auk\u0161\u010diausio lygio eksploatacin\u0117mis savyb\u0117mis ir u\u017etikrina geriausi\u0105 apsaug\u0105 bei variklio darbo patikimum\u0105.<\/li>\n<li>Tinka dyzeliniams varikliams su Common Rail ir Pumpe-Duse \u012fpur\u0161kimo sistema, atitinka VW 505,01 FordM2C-917A reikalavimus. Taip pat atitinka euro 4 standart\u0105.<\/li>\n<li>Red boost komponentas skirtas stabilizuoti bendr\u0105 alyvos bazin\u012f skai\u010di\u0173 (neleid\u017eia alyvai nusid\u0117v\u0117ti vykstant didel\u0117ms apkrovoms ir temperat\u016bros poky\u010diams, kurie da\u017eniausiai gali atsitikti mieste su nuolatiniais kam\u0161\u010diais ir &#8222;start-stop&#8221; re\u017eimu).<\/li>\n<\/ul>\n<table class=\"product-table\">\n<tbody>\n<tr>\n<td><span class=\"product-table-name\">Tankis\u00a0prie 20 \u00b0 \u0421, \u043ag\/l<\/span><\/td>\n<td><span class=\"product-table-value\">0,85<\/span><\/td>\n<\/tr>\n<tr>\n<td><span class=\"product-table-name\">Klampumas \u00a0100 \u00b0 C, mm2 \/s<\/span><\/td>\n<td><span class=\"product-table-value\">14,3<\/span><\/td>\n<\/tr>\n<tr>\n<td><span class=\"product-table-name\">Klampumas\u00a040 \u00b0 C, mm2\/s<\/span><\/td>\n<td><span class=\"product-table-value\">89,4<\/span><\/td>\n<\/tr>\n<tr>\n<td><span class=\"product-table-name\">Klampumo indeksas<\/span><\/td>\n<td><span class=\"product-table-value\">173<\/span><\/td>\n<\/tr>\n<tr>\n<td><span class=\"product-table-name\">\u012esiplieskimo temperat\u016bra, \u00b0 C<\/span><\/td>\n<td><span class=\"product-table-value\">213<\/span><\/td>\n<\/tr>\n<tr>\n<td><span class=\"product-table-name\">Sustingimo temperat\u016bra, \u00b0 C<\/span><\/td>\n<td><span class=\"product-table-value\">-45<\/span><\/td>\n<\/tr>\n<tr>\n<td><span class=\"product-table-name\">Sulfatinis peleningumas, \u043c\u0430s.%<\/span><\/td>\n<td><span class=\"product-table-value\">0,8<\/span><\/td>\n<\/tr>\n<\/tbody>\n<\/table>\n<p>&nbsp;<\/p>\n<p>Pakuot\u0117s:<\/p>\n<p>4L\u00a0\u00a0XA 26222<\/p>\n","protected":false},"excerpt":{"rendered":"<p>XADO Atomic Oil 5W-40 C3 RED BOOST Idealiai tinka \u0161iuolaikiniams forsuotiems varikliams, \u012fskaitant ir daugiavo\u017etuvinius, su turbo prip\u016btimu, su tarpiniu \u012fpu\u010diamo oro v\u0117sinimu. Ypa\u010d rekomenduojama varikliams Euro-4, su padidintais reikalavimais i\u0161metam\u0173j\u0173 duj\u0173 \u0161varai ir su trij\u0173 komponent\u0173 katalitiniu neutralizatoriumi (TCW \u2014 Three Way Catalyst) arba su suod\u017ei\u0173 filtru (DPF \u2014 Diesel Particulate Filter). Variklin\u0117 alyva su padidintu revitalizanto koeficientu (10,5). Red boost komponentas skirtas stabilizuoti bendr\u0105 alyvos bazin\u012f skai\u010di\u0173 (neleid\u017eia alyvai nusid\u0117v\u0117ti vykstant didel\u0117ms apkrovoms ir temperat\u016bros poky\u010diams, kurie da\u017eniausiai gali atsitikti mieste su nuolatiniais kam\u0161\u010diais ir &#8222;start-stop&#8221; re\u017eimu).<\/p>\n","protected":false},"featured_media":574,"comment_status":"open","ping_status":"closed","template":"","meta":[],"product_brand":[50],"product_cat":[49,18],"product_tag":[],"class_list":{"0":"post-573","1":"product","2":"type-product","3":"status-publish","4":"has-post-thumbnail","6":"product_brand-xado","7":"product_cat-alyva","8":"product_cat-visos-prekes","10":"first","11":"instock","12":"taxable","13":"shipping-taxable","14":"purchasable","15":"product-type-simple"},"jetpack_sharing_enabled":true,"_links":{"self":[{"href":"https:\/\/arvima.lt\/index.php?rest_route=\/wp\/v2\/product\/573","targetHints":{"allow":["GET"]}}],"collection":[{"href":"https:\/\/arvima.lt\/index.php?rest_route=\/wp\/v2\/product"}],"about":[{"href":"https:\/\/arvima.lt\/index.php?rest_route=\/wp\/v2\/types\/product"}],"replies":[{"embeddable":true,"href":"https:\/\/arvima.lt\/index.php?rest_route=%2Fwp%2Fv2%2Fcomments&post=573"}],"wp:featuredmedia":[{"embeddable":true,"href":"https:\/\/arvima.lt\/index.php?rest_route=\/wp\/v2\/media\/574"}],"wp:attachment":[{"href":"https:\/\/arvima.lt\/index.php?rest_route=%2Fwp%2Fv2%2Fmedia&parent=573"}],"wp:term":[{"taxonomy":"product_brand","embeddable":true,"href":"https:\/\/arvima.lt\/index.php?rest_route=%2Fwp%2Fv2%2Fproduct_brand&post=573"},{"taxonomy":"product_cat","embeddable":true,"href":"https:\/\/arvima.lt\/index.php?rest_route=%2Fwp%2Fv2%2Fproduct_cat&post=573"},{"taxonomy":"product_tag","embeddable":true,"href":"https:\/\/arvima.lt\/index.php?rest_route=%2Fwp%2Fv2%2Fproduct_tag&post=573"}],"curies":[{"name":"wp","href":"https:\/\/api.w.org\/{rel}","templated":true}]}}