{"id":575,"date":"2026-02-12T19:49:32","date_gmt":"2026-02-12T19:49:32","guid":{"rendered":"https:\/\/arvima.lt\/?post_type=product&#038;p=575"},"modified":"2026-02-12T19:49:32","modified_gmt":"2026-02-12T19:49:32","slug":"xado-atomic-oil-5w-30-c3-pro-red-boost","status":"publish","type":"product","link":"https:\/\/arvima.lt\/?product=xado-atomic-oil-5w-30-c3-pro-red-boost","title":{"rendered":"XADO Atomic Oil 5W-30 C3 Pro RED BOOST"},"content":{"rendered":"<p>Atitinka specifikacij\u0173\u00a0ir automobili\u0173 gamintoj\u0173 reikalavimus:<\/p>\n<table class=\"specification-table\">\n<tbody>\n<tr>\n<td>API SN<\/td>\n<td>ACEA C3<\/td>\n<td>MB 229.51\/229.52\/229.31<\/td>\n<td>GM dexos 2<\/td>\n<\/tr>\n<tr>\n<td>BMW Longlife-04<\/td>\n<td>VW 505.01\/505.00<\/td>\n<td>Renault RN17<\/td>\n<td>Opel OV0401547<\/td>\n<\/tr>\n<tr>\n<td>Fiat 9.55535-S1\/-S3<\/td>\n<\/tr>\n<\/tbody>\n<\/table>\n<ul>\n<li>Pagaminta pagal \u00abmid SAPS\u00bb technologij\u0105 ir u\u017etikrina i\u0161metam\u0173j\u0173 duj\u0173 katalizatoriaus ir suod\u017ei\u0173 filtro prie\u017ei\u016br\u0105.<\/li>\n<li>Idealiai tinka \u0161iuolaikiniams forsuotiems varikliams, \u012fskaitant ir daugiavo\u017etuvinius, su turbo prip\u016btimu, su tarpiniu \u012fpu\u010diamo oro v\u0117sinimu.<\/li>\n<li>Tinka transporto priemon\u0117ms su \u012fpur\u0161kimo sistema \u201eCommon Rail\u201c ir \u201ePumpe-Duse\u201c.<\/li>\n<li>Rekomenduojama naudoti varikliams Euro-4,-5,-6.<\/li>\n<li>Palaiko ideali\u0105 variklio \u0161var\u0105.<\/li>\n<\/ul>\n<p>Fizikiniai ir cheminiai duomenys *<\/p>\n<ul>\n<li>Tankis esant 20\u00b0\u0421, kg\/l 0,850<\/li>\n<li>Klampumas esant 100\u00b0\u0421, mm2 \/s 12<\/li>\n<li>Klampumas esant 40\u00b0\u0421, mm2 \/s\u00a071<\/li>\n<li>Klampumo indeksas\u00a0170<\/li>\n<li>\u012esiplieskimo temperat\u016bra \u00b0\u0421\u00a0200<\/li>\n<li>Sustingimo temperat\u016bra \u00b0\u0421 &lt; -39<\/li>\n<li>Sulfatinis peleningumas, mas% 0.78<\/li>\n<\/ul>\n<p>Pakuot\u0117s:<\/p>\n<p>1L\u00a0 \u0425\u0410 26168<\/p>\n<p>4L\u00a0 \u0425\u0410 26268<\/p>\n","protected":false},"excerpt":{"rendered":"<p>XADO Atomic Oil 5W-30 C3 Pro RED BOOST moderni auk\u0161tos kokyb\u0117s variklin\u0117 alyva su padidintu revitalizanto koeficientu (10,5) ir\u00a0Red boost komponentu, skirtu stabilizuoti bendr\u0105 alyvos bazin\u012f skai\u010di\u0173 (neleid\u017eia alyvai nusid\u0117v\u0117ti vykstant didel\u0117ms apkrovoms ir temperat\u016bros poky\u010diams, kurie da\u017eniausiai gali atsitikti mieste su nuolatiniais kam\u0161\u010diais ir &#8222;start-stop&#8221; re\u017eimu).<\/p>\n","protected":false},"featured_media":576,"comment_status":"open","ping_status":"closed","template":"","meta":[],"product_brand":[50],"product_cat":[49,18],"product_tag":[],"class_list":{"0":"post-575","1":"product","2":"type-product","3":"status-publish","4":"has-post-thumbnail","6":"product_brand-xado","7":"product_cat-alyva","8":"product_cat-visos-prekes","10":"first","11":"instock","12":"taxable","13":"shipping-taxable","14":"purchasable","15":"product-type-simple"},"jetpack_sharing_enabled":true,"_links":{"self":[{"href":"https:\/\/arvima.lt\/index.php?rest_route=\/wp\/v2\/product\/575","targetHints":{"allow":["GET"]}}],"collection":[{"href":"https:\/\/arvima.lt\/index.php?rest_route=\/wp\/v2\/product"}],"about":[{"href":"https:\/\/arvima.lt\/index.php?rest_route=\/wp\/v2\/types\/product"}],"replies":[{"embeddable":true,"href":"https:\/\/arvima.lt\/index.php?rest_route=%2Fwp%2Fv2%2Fcomments&post=575"}],"wp:featuredmedia":[{"embeddable":true,"href":"https:\/\/arvima.lt\/index.php?rest_route=\/wp\/v2\/media\/576"}],"wp:attachment":[{"href":"https:\/\/arvima.lt\/index.php?rest_route=%2Fwp%2Fv2%2Fmedia&parent=575"}],"wp:term":[{"taxonomy":"product_brand","embeddable":true,"href":"https:\/\/arvima.lt\/index.php?rest_route=%2Fwp%2Fv2%2Fproduct_brand&post=575"},{"taxonomy":"product_cat","embeddable":true,"href":"https:\/\/arvima.lt\/index.php?rest_route=%2Fwp%2Fv2%2Fproduct_cat&post=575"},{"taxonomy":"product_tag","embeddable":true,"href":"https:\/\/arvima.lt\/index.php?rest_route=%2Fwp%2Fv2%2Fproduct_tag&post=575"}],"curies":[{"name":"wp","href":"https:\/\/api.w.org\/{rel}","templated":true}]}}