{"id":595,"date":"2026-02-12T21:14:37","date_gmt":"2026-02-12T21:14:37","guid":{"rendered":"https:\/\/arvima.lt\/?post_type=product&#038;p=595"},"modified":"2026-02-13T16:38:11","modified_gmt":"2026-02-13T16:38:11","slug":"alb-alyva-5w-30-sintet-long-life-5l","status":"publish","type":"product","link":"https:\/\/arvima.lt\/?product=alb-alyva-5w-30-sintet-long-life-5l","title":{"rendered":"ALB ALYVA 5W-30 SINTET. (LONG LIFE) 5L"},"content":{"rendered":"<p>ALB Oil Kur\u0105 taupanti, prailginto veikimo, sintetin\u0117 varikli\u0173 alyva, skirta benzininiams ir turbininiams dyzeliniams varikliams. U\u017etikrina puiki\u0105 variklio apsaug\u0105 \u0161altojo paleidimo metu. Efektyviai saugo nuo dilimo ir garantuoja visi\u0161k\u0105 variklio \u0161var\u0105. Atitinka specifikacijas: API SN\/CF, ACEA C3. VW 504.00\/507.00, BMW LL-04, MB229.51, PORSCHE C30<\/p>\n","protected":false},"excerpt":{"rendered":"<p>ALB Oil Kur\u0105 taupanti, prailginto veikimo, sintetin\u0117 varikli\u0173 alyva, skirta benzininiams ir turbininiams dyzeliniams varikliams. U\u017etikrina puiki\u0105 variklio apsaug\u0105 \u0161altojo paleidimo metu. Efektyviai saugo nuo dilimo ir garantuoja visi\u0161k\u0105 variklio \u0161var\u0105. Atitinka specifikacijas: API SN\/CF, ACEA C3. VW 504.00\/507.00, BMW LL-04, MB229.51, PORSCHE C30<\/p>\n","protected":false},"featured_media":713,"comment_status":"open","ping_status":"closed","template":"","meta":[],"product_brand":[53],"product_cat":[49,18],"product_tag":[],"class_list":{"0":"post-595","1":"product","2":"type-product","3":"status-publish","4":"has-post-thumbnail","6":"product_brand-alboil","7":"product_cat-alyva","8":"product_cat-visos-prekes","10":"first","11":"instock","12":"taxable","13":"shipping-taxable","14":"purchasable","15":"product-type-simple"},"jetpack_sharing_enabled":true,"_links":{"self":[{"href":"https:\/\/arvima.lt\/index.php?rest_route=\/wp\/v2\/product\/595","targetHints":{"allow":["GET"]}}],"collection":[{"href":"https:\/\/arvima.lt\/index.php?rest_route=\/wp\/v2\/product"}],"about":[{"href":"https:\/\/arvima.lt\/index.php?rest_route=\/wp\/v2\/types\/product"}],"replies":[{"embeddable":true,"href":"https:\/\/arvima.lt\/index.php?rest_route=%2Fwp%2Fv2%2Fcomments&post=595"}],"wp:featuredmedia":[{"embeddable":true,"href":"https:\/\/arvima.lt\/index.php?rest_route=\/wp\/v2\/media\/713"}],"wp:attachment":[{"href":"https:\/\/arvima.lt\/index.php?rest_route=%2Fwp%2Fv2%2Fmedia&parent=595"}],"wp:term":[{"taxonomy":"product_brand","embeddable":true,"href":"https:\/\/arvima.lt\/index.php?rest_route=%2Fwp%2Fv2%2Fproduct_brand&post=595"},{"taxonomy":"product_cat","embeddable":true,"href":"https:\/\/arvima.lt\/index.php?rest_route=%2Fwp%2Fv2%2Fproduct_cat&post=595"},{"taxonomy":"product_tag","embeddable":true,"href":"https:\/\/arvima.lt\/index.php?rest_route=%2Fwp%2Fv2%2Fproduct_tag&post=595"}],"curies":[{"name":"wp","href":"https:\/\/api.w.org\/{rel}","templated":true}]}}