{"id":597,"date":"2026-02-12T21:15:31","date_gmt":"2026-02-12T21:15:31","guid":{"rendered":"https:\/\/arvima.lt\/?post_type=product&#038;p=597"},"modified":"2026-02-13T16:38:29","modified_gmt":"2026-02-13T16:38:29","slug":"alb-alyva-5w-30-pilnai-sintet-universali-5l","status":"publish","type":"product","link":"https:\/\/arvima.lt\/?product=alb-alyva-5w-30-pilnai-sintet-universali-5l","title":{"rendered":"ALB ALYVA 5W-30 PILNAI SINTET. UNIVERSALI 5L"},"content":{"rendered":"<p>ALB OIL SAE 5W-30<br \/>\nPilnai sintetin\u0117 puiki\u0173 eksploatavimo savybi\u0173 ir pla\u010dios paskirties alyva.<br \/>\nSkirta automobiliams su benzininiais ir dyzeliniais varikliais, \u012fskaitant ir variklius su \u012fpur\u0161kimo sistemomis, keliais vo\u017etuvais vienam cilindrui, ir turbininio prip\u016btimo varikliams.<br \/>\nAtitinka specifikacijas:<br \/>\nMB 229.3<br \/>\nBMW LL-01<br \/>\nVW 502 00<br \/>\nVW 505 00<br \/>\nGML-LL-A-025<br \/>\nGML-LL-B-025<br \/>\nACEA A3\/B3\/B4<br \/>\nAPI SL CF<\/p>\n","protected":false},"excerpt":{"rendered":"<p>ALB OIL SAE 5W-30 Pilnai sintetin\u0117 puiki\u0173 eksploatavimo savybi\u0173 ir pla\u010dios paskirties alyva. Skirta automobiliams su benzininiais ir dyzeliniais varikliais, \u012fskaitant ir variklius su \u012fpur\u0161kimo sistemomis, keliais vo\u017etuvais vienam cilindrui, ir turbininio prip\u016btimo varikliams. Atitinka specifikacijas: MB 229.3 BMW LL-01 VW 502 00 VW 505 00 GML-LL-A-025 GML-LL-B-025 ACEA A3\/B3\/B4 API SL CF<\/p>\n","protected":false},"featured_media":712,"comment_status":"open","ping_status":"closed","template":"","meta":[],"product_brand":[53],"product_cat":[49,18],"product_tag":[],"class_list":{"0":"post-597","1":"product","2":"type-product","3":"status-publish","4":"has-post-thumbnail","6":"product_brand-alboil","7":"product_cat-alyva","8":"product_cat-visos-prekes","10":"first","11":"outofstock","12":"taxable","13":"shipping-taxable","14":"purchasable","15":"product-type-simple"},"jetpack_sharing_enabled":true,"_links":{"self":[{"href":"https:\/\/arvima.lt\/index.php?rest_route=\/wp\/v2\/product\/597","targetHints":{"allow":["GET"]}}],"collection":[{"href":"https:\/\/arvima.lt\/index.php?rest_route=\/wp\/v2\/product"}],"about":[{"href":"https:\/\/arvima.lt\/index.php?rest_route=\/wp\/v2\/types\/product"}],"replies":[{"embeddable":true,"href":"https:\/\/arvima.lt\/index.php?rest_route=%2Fwp%2Fv2%2Fcomments&post=597"}],"wp:featuredmedia":[{"embeddable":true,"href":"https:\/\/arvima.lt\/index.php?rest_route=\/wp\/v2\/media\/712"}],"wp:attachment":[{"href":"https:\/\/arvima.lt\/index.php?rest_route=%2Fwp%2Fv2%2Fmedia&parent=597"}],"wp:term":[{"taxonomy":"product_brand","embeddable":true,"href":"https:\/\/arvima.lt\/index.php?rest_route=%2Fwp%2Fv2%2Fproduct_brand&post=597"},{"taxonomy":"product_cat","embeddable":true,"href":"https:\/\/arvima.lt\/index.php?rest_route=%2Fwp%2Fv2%2Fproduct_cat&post=597"},{"taxonomy":"product_tag","embeddable":true,"href":"https:\/\/arvima.lt\/index.php?rest_route=%2Fwp%2Fv2%2Fproduct_tag&post=597"}],"curies":[{"name":"wp","href":"https:\/\/api.w.org\/{rel}","templated":true}]}}