{"id":599,"date":"2026-02-12T21:17:04","date_gmt":"2026-02-12T21:17:04","guid":{"rendered":"https:\/\/arvima.lt\/?post_type=product&#038;p=599"},"modified":"2026-02-13T16:24:58","modified_gmt":"2026-02-13T16:24:58","slug":"alb-transmisine-alyva-75w-90-gl5-1l","status":"publish","type":"product","link":"https:\/\/arvima.lt\/?product=alb-transmisine-alyva-75w-90-gl5-1l","title":{"rendered":"ALB TRANSMISIN\u0116 ALYVA 75W-90 GL5 1L"},"content":{"rendered":"<p>Pusiau sintetin\u0117 transmisin\u0117 alyva, skirta vis\u0173 tip\u0173 \u0161iuolaikini\u0173 automobili\u0173 penki\u0173 ir \u0161e\u0161i\u0173 grei\u010di\u0173 pavar\u0173 d\u0117\u017e\u0117ms. Puikus terminis stabilumas, antikorozin\u0117s s\u0105vyb\u0117s, auk\u0161tas antioksidacijos lygis.<\/p>\n","protected":false},"excerpt":{"rendered":"<p>Pusiau sintetin\u0117 transmisin\u0117 alyva, skirta vis\u0173 tip\u0173 \u0161iuolaikini\u0173 automobili\u0173 penki\u0173 ir \u0161e\u0161i\u0173 grei\u010di\u0173 pavar\u0173 d\u0117\u017e\u0117ms. Puikus terminis stabilumas, antikorozin\u0117s s\u0105vyb\u0117s, auk\u0161tas antioksidacijos lygis.<\/p>\n","protected":false},"featured_media":709,"comment_status":"open","ping_status":"closed","template":"","meta":[],"product_brand":[53],"product_cat":[49,18],"product_tag":[],"class_list":{"0":"post-599","1":"product","2":"type-product","3":"status-publish","4":"has-post-thumbnail","6":"product_brand-alboil","7":"product_cat-alyva","8":"product_cat-visos-prekes","10":"first","11":"instock","12":"taxable","13":"shipping-taxable","14":"purchasable","15":"product-type-simple"},"jetpack_sharing_enabled":true,"_links":{"self":[{"href":"https:\/\/arvima.lt\/index.php?rest_route=\/wp\/v2\/product\/599","targetHints":{"allow":["GET"]}}],"collection":[{"href":"https:\/\/arvima.lt\/index.php?rest_route=\/wp\/v2\/product"}],"about":[{"href":"https:\/\/arvima.lt\/index.php?rest_route=\/wp\/v2\/types\/product"}],"replies":[{"embeddable":true,"href":"https:\/\/arvima.lt\/index.php?rest_route=%2Fwp%2Fv2%2Fcomments&post=599"}],"wp:featuredmedia":[{"embeddable":true,"href":"https:\/\/arvima.lt\/index.php?rest_route=\/wp\/v2\/media\/709"}],"wp:attachment":[{"href":"https:\/\/arvima.lt\/index.php?rest_route=%2Fwp%2Fv2%2Fmedia&parent=599"}],"wp:term":[{"taxonomy":"product_brand","embeddable":true,"href":"https:\/\/arvima.lt\/index.php?rest_route=%2Fwp%2Fv2%2Fproduct_brand&post=599"},{"taxonomy":"product_cat","embeddable":true,"href":"https:\/\/arvima.lt\/index.php?rest_route=%2Fwp%2Fv2%2Fproduct_cat&post=599"},{"taxonomy":"product_tag","embeddable":true,"href":"https:\/\/arvima.lt\/index.php?rest_route=%2Fwp%2Fv2%2Fproduct_tag&post=599"}],"curies":[{"name":"wp","href":"https:\/\/api.w.org\/{rel}","templated":true}]}}