{"id":601,"date":"2026-02-12T21:18:56","date_gmt":"2026-02-12T21:18:56","guid":{"rendered":"https:\/\/arvima.lt\/?post_type=product&#038;p=601"},"modified":"2026-02-13T16:30:33","modified_gmt":"2026-02-13T16:30:33","slug":"alb-transmisine-alyva-80w-90-gl5-1l","status":"publish","type":"product","link":"https:\/\/arvima.lt\/?product=alb-transmisine-alyva-80w-90-gl5-1l","title":{"rendered":"ALB TRANSMISIN\u0116 ALYVA 80W-90 GL5 1L"},"content":{"rendered":"<p>Transmisin\u0117 alyva, skirta lengv\u0173j\u0173 automobili\u0173, mikroautobus\u0173, sunkve\u017eimi\u0173, bei kit\u0173 \u017e.\u016b. technikos mechanini\u0173 pavar\u0173 d\u0117\u017ei\u0173, hipoidini\u0173 pavar\u0173, reduktori\u0173, pavar\u0173 karteri\u0173 tepimui. Efektyvi\u0173 pried\u0173 d\u0117ka krumpliara\u010diai gerai apsaugomi nuo susid\u0117v\u0117jimo. Puikus terminis stabilumas, antikorozin\u0117s s\u0105vyb\u0117s, auk\u0161tas antioksidacijos lygis.<br \/>\nAtitinka specifikacijas:<br \/>\nAPI GL-5 SAE 80W-90<\/p>\n","protected":false},"excerpt":{"rendered":"<p>Transmisin\u0117 alyva, skirta lengv\u0173j\u0173 automobili\u0173, mikroautobus\u0173, sunkve\u017eimi\u0173, bei kit\u0173 \u017e.\u016b. technikos mechanini\u0173 pavar\u0173 d\u0117\u017ei\u0173, hipoidini\u0173 pavar\u0173, reduktori\u0173, pavar\u0173 karteri\u0173 tepimui. Efektyvi\u0173 pried\u0173 d\u0117ka krumpliara\u010diai gerai apsaugomi nuo susid\u0117v\u0117jimo. Puikus terminis stabilumas, antikorozin\u0117s s\u0105vyb\u0117s, auk\u0161tas antioksidacijos lygis. Atitinka specifikacijas: API GL-5 SAE 80W-90<\/p>\n","protected":false},"featured_media":711,"comment_status":"open","ping_status":"closed","template":"","meta":[],"product_brand":[53],"product_cat":[49,18],"product_tag":[],"class_list":{"0":"post-601","1":"product","2":"type-product","3":"status-publish","4":"has-post-thumbnail","6":"product_brand-alboil","7":"product_cat-alyva","8":"product_cat-visos-prekes","10":"first","11":"instock","12":"taxable","13":"shipping-taxable","14":"purchasable","15":"product-type-simple"},"jetpack_sharing_enabled":true,"_links":{"self":[{"href":"https:\/\/arvima.lt\/index.php?rest_route=\/wp\/v2\/product\/601","targetHints":{"allow":["GET"]}}],"collection":[{"href":"https:\/\/arvima.lt\/index.php?rest_route=\/wp\/v2\/product"}],"about":[{"href":"https:\/\/arvima.lt\/index.php?rest_route=\/wp\/v2\/types\/product"}],"replies":[{"embeddable":true,"href":"https:\/\/arvima.lt\/index.php?rest_route=%2Fwp%2Fv2%2Fcomments&post=601"}],"wp:featuredmedia":[{"embeddable":true,"href":"https:\/\/arvima.lt\/index.php?rest_route=\/wp\/v2\/media\/711"}],"wp:attachment":[{"href":"https:\/\/arvima.lt\/index.php?rest_route=%2Fwp%2Fv2%2Fmedia&parent=601"}],"wp:term":[{"taxonomy":"product_brand","embeddable":true,"href":"https:\/\/arvima.lt\/index.php?rest_route=%2Fwp%2Fv2%2Fproduct_brand&post=601"},{"taxonomy":"product_cat","embeddable":true,"href":"https:\/\/arvima.lt\/index.php?rest_route=%2Fwp%2Fv2%2Fproduct_cat&post=601"},{"taxonomy":"product_tag","embeddable":true,"href":"https:\/\/arvima.lt\/index.php?rest_route=%2Fwp%2Fv2%2Fproduct_tag&post=601"}],"curies":[{"name":"wp","href":"https:\/\/api.w.org\/{rel}","templated":true}]}}