{"id":605,"date":"2026-02-12T21:19:43","date_gmt":"2026-02-12T21:19:43","guid":{"rendered":"https:\/\/arvima.lt\/?post_type=product&#038;p=605"},"modified":"2026-02-14T18:51:03","modified_gmt":"2026-02-14T18:51:03","slug":"alb-transmisine-alyva-atf-dexron-ii-1l","status":"publish","type":"product","link":"https:\/\/arvima.lt\/?product=alb-transmisine-alyva-atf-dexron-ii-1l","title":{"rendered":"ALB TRANSMISIN\u0116 ALYVA ATF DEXRON II 1L"},"content":{"rendered":"<p>Automatini\u0173 transmisij\u0173 skystis, pasi\u017eymintis puikiomis savyb\u0117mis: auk\u0161tas ir stabilus klampos indeksas, \u017eema stingimo temperat\u016bra, didelis atsparumas oksidacijai, apsauga nuo korozijos ir r\u016bd\u017ei\u0173. Rekomenduojama naudoti automatin\u0117se pavar\u0173 d\u0117\u017e\u0117se, taip pat vairo stiprintuvuose, redukturiuose,hidraulin\u0117se sistemose, kuriuose reikalaujamas DEXRON II tipo skystis.<\/p>\n","protected":false},"excerpt":{"rendered":"<p>Automatini\u0173 transmisij\u0173 skystis, pasi\u017eymintis puikiomis savyb\u0117mis: auk\u0161tas ir stabilus klampos indeksas, \u017eema stingimo temperat\u016bra, didelis atsparumas oksidacijai, apsauga nuo korozijos ir r\u016bd\u017ei\u0173. Rekomenduojama naudoti automatin\u0117se pavar\u0173 d\u0117\u017e\u0117se, taip pat vairo stiprintuvuose, redukturiuose,hidraulin\u0117se sistemose, kuriuose reikalaujamas DEXRON II tipo skystis.<\/p>\n","protected":false},"featured_media":708,"comment_status":"open","ping_status":"closed","template":"","meta":[],"product_brand":[53],"product_cat":[49,18],"product_tag":[],"class_list":{"0":"post-605","1":"product","2":"type-product","3":"status-publish","4":"has-post-thumbnail","6":"product_brand-alboil","7":"product_cat-alyva","8":"product_cat-visos-prekes","10":"first","11":"instock","12":"taxable","13":"shipping-taxable","14":"purchasable","15":"product-type-simple"},"jetpack_sharing_enabled":true,"_links":{"self":[{"href":"https:\/\/arvima.lt\/index.php?rest_route=\/wp\/v2\/product\/605","targetHints":{"allow":["GET"]}}],"collection":[{"href":"https:\/\/arvima.lt\/index.php?rest_route=\/wp\/v2\/product"}],"about":[{"href":"https:\/\/arvima.lt\/index.php?rest_route=\/wp\/v2\/types\/product"}],"replies":[{"embeddable":true,"href":"https:\/\/arvima.lt\/index.php?rest_route=%2Fwp%2Fv2%2Fcomments&post=605"}],"wp:featuredmedia":[{"embeddable":true,"href":"https:\/\/arvima.lt\/index.php?rest_route=\/wp\/v2\/media\/708"}],"wp:attachment":[{"href":"https:\/\/arvima.lt\/index.php?rest_route=%2Fwp%2Fv2%2Fmedia&parent=605"}],"wp:term":[{"taxonomy":"product_brand","embeddable":true,"href":"https:\/\/arvima.lt\/index.php?rest_route=%2Fwp%2Fv2%2Fproduct_brand&post=605"},{"taxonomy":"product_cat","embeddable":true,"href":"https:\/\/arvima.lt\/index.php?rest_route=%2Fwp%2Fv2%2Fproduct_cat&post=605"},{"taxonomy":"product_tag","embeddable":true,"href":"https:\/\/arvima.lt\/index.php?rest_route=%2Fwp%2Fv2%2Fproduct_tag&post=605"}],"curies":[{"name":"wp","href":"https:\/\/api.w.org\/{rel}","templated":true}]}}