{"id":619,"date":"2026-02-12T21:25:43","date_gmt":"2026-02-12T21:25:43","guid":{"rendered":"https:\/\/arvima.lt\/?post_type=product&#038;p=619"},"modified":"2026-02-13T15:36:29","modified_gmt":"2026-02-13T15:36:29","slug":"tepalo-priedas-doktor-car-spec","status":"publish","type":"product","link":"https:\/\/arvima.lt\/?product=tepalo-priedas-doktor-car-spec","title":{"rendered":"TEPALO PRIEDAS &#8222;DOKTOR CAR SPEC&#8221;"},"content":{"rendered":"<p>Tepalo priedas K2 &#8222;Doktor Car Spec&#8221; ma\u017eina variklio sudedam\u0173j\u0173 dali\u0173 trint\u012f bei dev\u0117jimasi. Pagerina automobilio variklio darb\u0105, suma\u017eina d\u016bmingum\u0105 ir tepalo suvartojim\u0105, apsaugo alyv\u0105 nuo putojimo, ma\u017eina variklio triuk\u0161mus, padeda atstatyti kompresij\u0105 ir u\u017esandarinti susid\u0117v\u0117jusius \u017eiedus. Galima mai\u0161yti su visomis mineralin\u0117mis ir sintetin\u0117mis alyvomis, tinka benzininiams ir dyzeliniams varikliams, taip pat varikliams su duj\u0173 \u012franga.<\/p>\n","protected":false},"excerpt":{"rendered":"<p>Tepalo priedas K2 &#8222;Doktor Car Spec&#8221; ma\u017eina variklio sudedam\u0173j\u0173 dali\u0173 trint\u012f bei dev\u0117jimasi. Pagerina automobilio variklio darb\u0105, suma\u017eina d\u016bmingum\u0105 ir tepalo suvartojim\u0105, apsaugo alyv\u0105 nuo putojimo, ma\u017eina variklio triuk\u0161mus, padeda atstatyti kompresij\u0105 ir u\u017esandarinti susid\u0117v\u0117jusius \u017eiedus. Galima mai\u0161yti su visomis mineralin\u0117mis ir sintetin\u0117mis alyvomis, tinka benzininiams ir dyzeliniams varikliams, taip pat varikliams su duj\u0173 \u012franga.<\/p>\n","protected":false},"featured_media":702,"comment_status":"open","ping_status":"closed","template":"","meta":[],"product_brand":[43],"product_cat":[54,18],"product_tag":[],"class_list":{"0":"post-619","1":"product","2":"type-product","3":"status-publish","4":"has-post-thumbnail","6":"product_brand-k2","7":"product_cat-variklio-priedai","8":"product_cat-visos-prekes","10":"first","11":"instock","12":"taxable","13":"shipping-taxable","14":"purchasable","15":"product-type-simple"},"jetpack_sharing_enabled":true,"_links":{"self":[{"href":"https:\/\/arvima.lt\/index.php?rest_route=\/wp\/v2\/product\/619","targetHints":{"allow":["GET"]}}],"collection":[{"href":"https:\/\/arvima.lt\/index.php?rest_route=\/wp\/v2\/product"}],"about":[{"href":"https:\/\/arvima.lt\/index.php?rest_route=\/wp\/v2\/types\/product"}],"replies":[{"embeddable":true,"href":"https:\/\/arvima.lt\/index.php?rest_route=%2Fwp%2Fv2%2Fcomments&post=619"}],"wp:featuredmedia":[{"embeddable":true,"href":"https:\/\/arvima.lt\/index.php?rest_route=\/wp\/v2\/media\/702"}],"wp:attachment":[{"href":"https:\/\/arvima.lt\/index.php?rest_route=%2Fwp%2Fv2%2Fmedia&parent=619"}],"wp:term":[{"taxonomy":"product_brand","embeddable":true,"href":"https:\/\/arvima.lt\/index.php?rest_route=%2Fwp%2Fv2%2Fproduct_brand&post=619"},{"taxonomy":"product_cat","embeddable":true,"href":"https:\/\/arvima.lt\/index.php?rest_route=%2Fwp%2Fv2%2Fproduct_cat&post=619"},{"taxonomy":"product_tag","embeddable":true,"href":"https:\/\/arvima.lt\/index.php?rest_route=%2Fwp%2Fv2%2Fproduct_tag&post=619"}],"curies":[{"name":"wp","href":"https:\/\/api.w.org\/{rel}","templated":true}]}}