{"id":623,"date":"2026-02-12T21:27:25","date_gmt":"2026-02-12T21:27:25","guid":{"rendered":"https:\/\/arvima.lt\/?post_type=product&#038;p=623"},"modified":"2026-02-13T15:04:21","modified_gmt":"2026-02-13T15:04:21","slug":"plastmasiniu-ir-guminiu-detaliu-polirolis-bono300ml","status":"publish","type":"product","link":"https:\/\/arvima.lt\/?product=plastmasiniu-ir-guminiu-detaliu-polirolis-bono300ml","title":{"rendered":"PLASTMASINI\u0172 IR GUMINI\u0172 DETALI\u0172 POLIROLIS &#8222;BONO&#8221;300ML"},"content":{"rendered":"<p>Labai efektyvi valymo ir atnaujinimo priemon\u0117 tinkanti plastikiniams, viniliniams ir guminiams pavir\u0161iams. Idealiai tinka bamperiams, spoileriams ir kitiems plastikiniams pavir\u0161iams. Ilgalaik\u0117 apsauga nuo i\u0161bl\u016bkimo ir sutr\u016bkin\u0117jimo, apsaugo nuo purvo ir dulki\u0173 kaupimosi.<\/p>\n","protected":false},"excerpt":{"rendered":"<p>Labai efektyvi valymo ir atnaujinimo priemon\u0117 tinkanti plastikiniams, viniliniams ir guminiams pavir\u0161iams. Idealiai tinka bamperiams, spoileriams ir kitiems plastikiniams pavir\u0161iams. Ilgalaik\u0117 apsauga nuo i\u0161bl\u016bkimo ir sutr\u016bkin\u0117jimo, apsaugo nuo purvo ir dulki\u0173 kaupimosi.<\/p>\n","protected":false},"featured_media":624,"comment_status":"open","ping_status":"closed","template":"","meta":[],"product_brand":[43],"product_cat":[29,18],"product_tag":[],"class_list":{"0":"post-623","1":"product","2":"type-product","3":"status-publish","4":"has-post-thumbnail","6":"product_brand-k2","7":"product_cat-detailingas","8":"product_cat-visos-prekes","10":"first","11":"instock","12":"taxable","13":"shipping-taxable","14":"purchasable","15":"product-type-simple"},"jetpack_sharing_enabled":true,"_links":{"self":[{"href":"https:\/\/arvima.lt\/index.php?rest_route=\/wp\/v2\/product\/623","targetHints":{"allow":["GET"]}}],"collection":[{"href":"https:\/\/arvima.lt\/index.php?rest_route=\/wp\/v2\/product"}],"about":[{"href":"https:\/\/arvima.lt\/index.php?rest_route=\/wp\/v2\/types\/product"}],"replies":[{"embeddable":true,"href":"https:\/\/arvima.lt\/index.php?rest_route=%2Fwp%2Fv2%2Fcomments&post=623"}],"wp:featuredmedia":[{"embeddable":true,"href":"https:\/\/arvima.lt\/index.php?rest_route=\/wp\/v2\/media\/624"}],"wp:attachment":[{"href":"https:\/\/arvima.lt\/index.php?rest_route=%2Fwp%2Fv2%2Fmedia&parent=623"}],"wp:term":[{"taxonomy":"product_brand","embeddable":true,"href":"https:\/\/arvima.lt\/index.php?rest_route=%2Fwp%2Fv2%2Fproduct_brand&post=623"},{"taxonomy":"product_cat","embeddable":true,"href":"https:\/\/arvima.lt\/index.php?rest_route=%2Fwp%2Fv2%2Fproduct_cat&post=623"},{"taxonomy":"product_tag","embeddable":true,"href":"https:\/\/arvima.lt\/index.php?rest_route=%2Fwp%2Fv2%2Fproduct_tag&post=623"}],"curies":[{"name":"wp","href":"https:\/\/api.w.org\/{rel}","templated":true}]}}