{"id":629,"date":"2026-02-12T21:29:53","date_gmt":"2026-02-12T21:29:53","guid":{"rendered":"https:\/\/arvima.lt\/?post_type=product&#038;p=629"},"modified":"2026-02-14T18:43:34","modified_gmt":"2026-02-14T18:43:34","slug":"poliravimo-pasta-ultra-cut","status":"publish","type":"product","link":"https:\/\/arvima.lt\/?product=poliravimo-pasta-ultra-cut","title":{"rendered":"POLIRAVIMO PASTA ULTRA CUT"},"content":{"rendered":"<p>Profesionali abrazyvin\u0117 pasta, kuri efektyviai \u0161alina lako \u012ftr\u016bkimus, \u012fbr\u0117\u017eimus ir defektus. Paprasta naudoti ir poliruoti.Tinka naudoti metalic ir paprast\u0173 da\u017e\u0173 tipams.<\/p>\n","protected":false},"excerpt":{"rendered":"<p>Profesionali abrazyvin\u0117 pasta, kuri efektyviai \u0161alina lako \u012ftr\u016bkimus, \u012fbr\u0117\u017eimus ir defektus. Paprasta naudoti ir poliruoti.Tinka naudoti metalic ir paprast\u0173 da\u017e\u0173 tipams.<\/p>\n","protected":false},"featured_media":631,"comment_status":"open","ping_status":"closed","template":"","meta":[],"product_brand":[43],"product_cat":[29,18],"product_tag":[],"class_list":{"0":"post-629","1":"product","2":"type-product","3":"status-publish","4":"has-post-thumbnail","6":"product_brand-k2","7":"product_cat-detailingas","8":"product_cat-visos-prekes","10":"first","11":"outofstock","12":"taxable","13":"shipping-taxable","14":"purchasable","15":"product-type-simple"},"jetpack_sharing_enabled":true,"_links":{"self":[{"href":"https:\/\/arvima.lt\/index.php?rest_route=\/wp\/v2\/product\/629","targetHints":{"allow":["GET"]}}],"collection":[{"href":"https:\/\/arvima.lt\/index.php?rest_route=\/wp\/v2\/product"}],"about":[{"href":"https:\/\/arvima.lt\/index.php?rest_route=\/wp\/v2\/types\/product"}],"replies":[{"embeddable":true,"href":"https:\/\/arvima.lt\/index.php?rest_route=%2Fwp%2Fv2%2Fcomments&post=629"}],"wp:featuredmedia":[{"embeddable":true,"href":"https:\/\/arvima.lt\/index.php?rest_route=\/wp\/v2\/media\/631"}],"wp:attachment":[{"href":"https:\/\/arvima.lt\/index.php?rest_route=%2Fwp%2Fv2%2Fmedia&parent=629"}],"wp:term":[{"taxonomy":"product_brand","embeddable":true,"href":"https:\/\/arvima.lt\/index.php?rest_route=%2Fwp%2Fv2%2Fproduct_brand&post=629"},{"taxonomy":"product_cat","embeddable":true,"href":"https:\/\/arvima.lt\/index.php?rest_route=%2Fwp%2Fv2%2Fproduct_cat&post=629"},{"taxonomy":"product_tag","embeddable":true,"href":"https:\/\/arvima.lt\/index.php?rest_route=%2Fwp%2Fv2%2Fproduct_tag&post=629"}],"curies":[{"name":"wp","href":"https:\/\/api.w.org\/{rel}","templated":true}]}}