{"id":704,"date":"2026-02-13T15:51:20","date_gmt":"2026-02-13T15:51:20","guid":{"rendered":"https:\/\/arvima.lt\/?post_type=product&#038;p=704"},"modified":"2026-02-14T01:10:01","modified_gmt":"2026-02-14T01:10:01","slug":"atf-alyva-febi-bilstein-1l-fe29934","status":"publish","type":"product","link":"https:\/\/arvima.lt\/?product=atf-alyva-febi-bilstein-1l-fe29934","title":{"rendered":"ATF alyva FEBI BILSTEIN (1L) FE29934"},"content":{"rendered":"<div class=\"attribute \">\n<div class=\"attr-content\">\n<div class=\"js-attr-content \"><strong class=\"\">Pavadinimas:<\/strong><\/div>\n<div class=\"js-attr-color_multiselect\">ATF alyva<\/div>\n<\/div>\n<\/div>\n<div class=\"attribute \">\n<div class=\"attr-content\">\n<div class=\"js-attr-content \"><strong class=\"\">Talpa [l]:<\/strong><\/div>\n<div class=\"js-attr-content \">1<\/div>\n<div class=\"js-attr-color_multiselect\">\n<div class=\"attribute \">\n<div class=\"attr-content\">\n<div class=\"js-attr-content \"><strong class=\"\">Paskirtis:<\/strong><\/div>\n<div class=\"js-attr-color_multiselect\">lengv\u0173j\u0173<\/div>\n<\/div>\n<\/div>\n<div class=\"attribute \">\n<div class=\"attr-content\">\n<div class=\"js-attr-content \"><strong class=\"c-white\">Paskirtis:<\/strong><\/div>\n<div class=\"js-attr-color_multiselect\">sunkve\u017eimi\u0173<\/div>\n<\/div>\n<\/div>\n<div class=\"attribute \">\n<div class=\"attr-content\">\n<div class=\"js-attr-content \"><strong class=\"c-white\">Paskirtis:<\/strong><\/div>\n<div class=\"js-attr-color_multiselect\">\u017dem\u0117s \u016bkio<\/div>\n<\/div>\n<\/div>\n<div class=\"attribute \">\n<div class=\"attr-content\">\n<div class=\"js-attr-content \"><strong class=\"c-white\">Paskirtis:<\/strong><\/div>\n<div class=\"js-attr-color_multiselect\">Autobusai<\/div>\n<\/div>\n<\/div>\n<div class=\"attribute \">\n<div class=\"attr-content\">\n<div class=\"js-attr-content \"><strong class=\"c-white\">Paskirtis:<\/strong><\/div>\n<div class=\"js-attr-color_multiselect\">Pramon\u0117<\/div>\n<\/div>\n<\/div>\n<div class=\"attribute \">\n<div class=\"attr-content\">\n<div class=\"js-attr-content \"><strong class=\"\">Br\u016bk\u0161ninis kodas:<\/strong><\/div>\n<div class=\"js-attr-color_multiselect\">4027816299349, 101502897<\/div>\n<\/div>\n<\/div>\n<div class=\"attribute \">\n<div class=\"attr-content\">\n<div class=\"js-attr-content \"><strong class=\"\">Prek\u0117s kodas:<\/strong><\/div>\n<div class=\"js-attr-color_multiselect\">BB82F1<\/div>\n<\/div>\n<\/div>\n<div class=\"attribute \">\n<div class=\"attr-content\">\n<div class=\"js-attr-content \"><strong class=\"\">Elemento indeksas:<\/strong><\/div>\n<div class=\"js-attr-color_multiselect\">29934<\/div>\n<\/div>\n<\/div>\n<div class=\"attribute pcn\">\n<div class=\"attr-content\">\n<div class=\"js-attr-content \"><strong class=\"\">PCN:<\/strong><\/div>\n<div class=\"js-attr-color_multiselect\">27101987<\/div>\n<\/div>\n<\/div>\n<div class=\"attribute \">\n<div class=\"attr-content\"><\/div>\n<\/div>\n<\/div>\n<\/div>\n<\/div>\n","protected":false},"excerpt":{"rendered":"<p>Pavadinimas: ATF alyva Talpa [l]: 1 Paskirtis: lengv\u0173j\u0173 Paskirtis: sunkve\u017eimi\u0173 Paskirtis: \u017dem\u0117s \u016bkio Paskirtis: Autobusai Paskirtis: Pramon\u0117 Br\u016bk\u0161ninis kodas: 4027816299349, 101502897 Prek\u0117s kodas: BB82F1 Elemento indeksas: 29934 PCN: 27101987<\/p>\n","protected":false},"featured_media":705,"comment_status":"open","ping_status":"closed","template":"","meta":[],"product_brand":[21],"product_cat":[49,18],"product_tag":[],"class_list":{"0":"post-704","1":"product","2":"type-product","3":"status-publish","4":"has-post-thumbnail","6":"product_brand-febi-bilstein","7":"product_cat-alyva","8":"product_cat-visos-prekes","10":"first","11":"instock","12":"sale","13":"taxable","14":"shipping-taxable","15":"purchasable","16":"product-type-simple"},"jetpack_sharing_enabled":true,"_links":{"self":[{"href":"https:\/\/arvima.lt\/index.php?rest_route=\/wp\/v2\/product\/704","targetHints":{"allow":["GET"]}}],"collection":[{"href":"https:\/\/arvima.lt\/index.php?rest_route=\/wp\/v2\/product"}],"about":[{"href":"https:\/\/arvima.lt\/index.php?rest_route=\/wp\/v2\/types\/product"}],"replies":[{"embeddable":true,"href":"https:\/\/arvima.lt\/index.php?rest_route=%2Fwp%2Fv2%2Fcomments&post=704"}],"wp:featuredmedia":[{"embeddable":true,"href":"https:\/\/arvima.lt\/index.php?rest_route=\/wp\/v2\/media\/705"}],"wp:attachment":[{"href":"https:\/\/arvima.lt\/index.php?rest_route=%2Fwp%2Fv2%2Fmedia&parent=704"}],"wp:term":[{"taxonomy":"product_brand","embeddable":true,"href":"https:\/\/arvima.lt\/index.php?rest_route=%2Fwp%2Fv2%2Fproduct_brand&post=704"},{"taxonomy":"product_cat","embeddable":true,"href":"https:\/\/arvima.lt\/index.php?rest_route=%2Fwp%2Fv2%2Fproduct_cat&post=704"},{"taxonomy":"product_tag","embeddable":true,"href":"https:\/\/arvima.lt\/index.php?rest_route=%2Fwp%2Fv2%2Fproduct_tag&post=704"}],"curies":[{"name":"wp","href":"https:\/\/api.w.org\/{rel}","templated":true}]}}