{"id":715,"date":"2026-02-14T01:14:56","date_gmt":"2026-02-14T01:14:56","guid":{"rendered":"https:\/\/arvima.lt\/?post_type=product&#038;p=715"},"modified":"2026-02-14T18:42:16","modified_gmt":"2026-02-14T18:42:16","slug":"antifrizas-elite-g13-longlife","status":"publish","type":"product","link":"https:\/\/arvima.lt\/?product=antifrizas-elite-g13-longlife","title":{"rendered":"Antifrizas \u201eELITE G13 Longlife\u201c"},"content":{"rendered":"<p>Auk\u0161\u010diausios kokyb\u0117s au\u0161inimo skystis (antifrizas) pagamintas etilenglikolio ir glicerino mi\u0161inio pagrindu. Skirtas \u0161iuolaikini\u0173 automobili\u0173 ir sunki\u0173j\u0173 transporto priemoni\u0173 varikliams au\u0161inti. Saugo automobilio au\u0161inimo sistem\u0105 nuo korozijos. Atitinka naujausios VW grup\u0117s au\u0161inimo pried\u0173 specifikacijos VW TL 774J (G13) reikalavimus. Pagamintas pagal kombinuot\u0105 organini\u0173 pried\u0173 ir stabilizuot\u0173 silikat\u0173 technologij\u0105 (Si-OAT), vietoj etilenglikolio naudojant aplinkai draugi\u0161kesn\u0119 \u017ealiav\u0105 \u2013 glicerol\u012f. Lyginant su tradiciniu pagrindu pagamintais au\u0161inimo skys\u010diais ELITE G13 gali suma\u017einti CO2 emisij\u0105 iki 11%. Be nitrit\u0173, amin\u0173, fosfat\u0173, borat\u0173.<\/p>\n<p><strong>Naudojimo b\u016bdas:<\/strong><\/p>\n<p>Skirtas naudoti automobili\u0173 au\u0161inimo sistemose iki \u2013 37\u00b0C. Priskiriamas ilgo vartojimo (long-life) au\u0161inimo skys\u010diams. \u0160\u012f au\u0161inimo skyst\u012f rekomenduojama keisti kas 250 000 km lengviesiems automobiliams, kas 500 000 km \u2013 komerciniam transportui, arba kas 5 metus.<\/p>\n","protected":false},"excerpt":{"rendered":"<p>Auk\u0161\u010diausios kokyb\u0117s au\u0161inimo skystis (antifrizas) pagamintas etilenglikolio ir glicerino mi\u0161inio pagrindu. Skirtas \u0161iuolaikini\u0173 automobili\u0173 ir sunki\u0173j\u0173 transporto priemoni\u0173 varikliams au\u0161inti. Saugo automobilio au\u0161inimo sistem\u0105 nuo korozijos. Atitinka naujausios VW grup\u0117s au\u0161inimo pried\u0173 specifikacijos VW TL 774J (G13) reikalavimus. Pagamintas pagal kombinuot\u0105 organini\u0173 pried\u0173 ir stabilizuot\u0173 silikat\u0173 technologij\u0105 (Si-OAT), vietoj etilenglikolio naudojant aplinkai draugi\u0161kesn\u0119 \u017ealiav\u0105 \u2013 [&hellip;]<\/p>\n","protected":false},"featured_media":716,"comment_status":"open","ping_status":"closed","template":"","meta":[],"product_brand":[36],"product_cat":[52,18],"product_tag":[],"class_list":{"0":"post-715","1":"product","2":"type-product","3":"status-publish","4":"has-post-thumbnail","6":"product_brand-elite","7":"product_cat-ausinimo-skystis","8":"product_cat-visos-prekes","10":"first","11":"outofstock","12":"taxable","13":"shipping-taxable","14":"purchasable","15":"product-type-simple"},"jetpack_sharing_enabled":true,"_links":{"self":[{"href":"https:\/\/arvima.lt\/index.php?rest_route=\/wp\/v2\/product\/715","targetHints":{"allow":["GET"]}}],"collection":[{"href":"https:\/\/arvima.lt\/index.php?rest_route=\/wp\/v2\/product"}],"about":[{"href":"https:\/\/arvima.lt\/index.php?rest_route=\/wp\/v2\/types\/product"}],"replies":[{"embeddable":true,"href":"https:\/\/arvima.lt\/index.php?rest_route=%2Fwp%2Fv2%2Fcomments&post=715"}],"wp:featuredmedia":[{"embeddable":true,"href":"https:\/\/arvima.lt\/index.php?rest_route=\/wp\/v2\/media\/716"}],"wp:attachment":[{"href":"https:\/\/arvima.lt\/index.php?rest_route=%2Fwp%2Fv2%2Fmedia&parent=715"}],"wp:term":[{"taxonomy":"product_brand","embeddable":true,"href":"https:\/\/arvima.lt\/index.php?rest_route=%2Fwp%2Fv2%2Fproduct_brand&post=715"},{"taxonomy":"product_cat","embeddable":true,"href":"https:\/\/arvima.lt\/index.php?rest_route=%2Fwp%2Fv2%2Fproduct_cat&post=715"},{"taxonomy":"product_tag","embeddable":true,"href":"https:\/\/arvima.lt\/index.php?rest_route=%2Fwp%2Fv2%2Fproduct_tag&post=715"}],"curies":[{"name":"wp","href":"https:\/\/api.w.org\/{rel}","templated":true}]}}