{"id":717,"date":"2026-02-14T01:16:23","date_gmt":"2026-02-14T01:16:23","guid":{"rendered":"https:\/\/arvima.lt\/?post_type=product&#038;p=717"},"modified":"2026-02-14T18:41:44","modified_gmt":"2026-02-14T18:41:44","slug":"antifrizas-elite-g12-long-life","status":"publish","type":"product","link":"https:\/\/arvima.lt\/?product=antifrizas-elite-g12-long-life","title":{"rendered":"Antifrizas \u201eELITE G12+ Long life\u201c"},"content":{"rendered":"<p>\u0160iuolaiki\u0161kas, ilgaam\u017eis au\u0161inimo skystis, skirtas lengv\u0173j\u0173 ir krovinini\u0173 automobili\u0173 bei autobus\u0173 varikli\u0173 au\u0161inimui. ELITE G12+ Long life yra pagamintas pagal OAT (Organic Additive Technology) technologij\u0105; jame n\u0117ra borat\u0173, fosfat\u0173, silikat\u0173, amin\u0173, nitrit\u0173 ar nitrat\u0173 (NAP Free).<\/p>\n<p><strong>Naudojimo b\u016bdas:<\/strong><\/p>\n<p>Paruo\u0161tas naudojimui au\u0161inimo skystis (antifrizas), tinkamas eksploatacijai kai oro temperat\u016bra ne \u017eemesn\u0117 kaip -37\u00b0C. Minimalus naudojimo laikas \u2013 5 metai (vadovautis automobili\u0173 gamintoj\u0173 rekomendacijomis).<\/p>\n","protected":false},"excerpt":{"rendered":"<p>\u0160iuolaiki\u0161kas, ilgaam\u017eis au\u0161inimo skystis, skirtas lengv\u0173j\u0173 ir krovinini\u0173 automobili\u0173 bei autobus\u0173 varikli\u0173 au\u0161inimui. ELITE G12+ Long life yra pagamintas pagal OAT (Organic Additive Technology) technologij\u0105; jame n\u0117ra borat\u0173, fosfat\u0173, silikat\u0173, amin\u0173, nitrit\u0173 ar nitrat\u0173 (NAP Free). Naudojimo b\u016bdas: Paruo\u0161tas naudojimui au\u0161inimo skystis (antifrizas), tinkamas eksploatacijai kai oro temperat\u016bra ne \u017eemesn\u0117 kaip -37\u00b0C. Minimalus naudojimo laikas [&hellip;]<\/p>\n","protected":false},"featured_media":718,"comment_status":"open","ping_status":"closed","template":"","meta":[],"product_brand":[36],"product_cat":[52,18],"product_tag":[],"class_list":{"0":"post-717","1":"product","2":"type-product","3":"status-publish","4":"has-post-thumbnail","6":"product_brand-elite","7":"product_cat-ausinimo-skystis","8":"product_cat-visos-prekes","10":"first","11":"outofstock","12":"taxable","13":"shipping-taxable","14":"purchasable","15":"product-type-simple"},"jetpack_sharing_enabled":true,"_links":{"self":[{"href":"https:\/\/arvima.lt\/index.php?rest_route=\/wp\/v2\/product\/717","targetHints":{"allow":["GET"]}}],"collection":[{"href":"https:\/\/arvima.lt\/index.php?rest_route=\/wp\/v2\/product"}],"about":[{"href":"https:\/\/arvima.lt\/index.php?rest_route=\/wp\/v2\/types\/product"}],"replies":[{"embeddable":true,"href":"https:\/\/arvima.lt\/index.php?rest_route=%2Fwp%2Fv2%2Fcomments&post=717"}],"wp:featuredmedia":[{"embeddable":true,"href":"https:\/\/arvima.lt\/index.php?rest_route=\/wp\/v2\/media\/718"}],"wp:attachment":[{"href":"https:\/\/arvima.lt\/index.php?rest_route=%2Fwp%2Fv2%2Fmedia&parent=717"}],"wp:term":[{"taxonomy":"product_brand","embeddable":true,"href":"https:\/\/arvima.lt\/index.php?rest_route=%2Fwp%2Fv2%2Fproduct_brand&post=717"},{"taxonomy":"product_cat","embeddable":true,"href":"https:\/\/arvima.lt\/index.php?rest_route=%2Fwp%2Fv2%2Fproduct_cat&post=717"},{"taxonomy":"product_tag","embeddable":true,"href":"https:\/\/arvima.lt\/index.php?rest_route=%2Fwp%2Fv2%2Fproduct_tag&post=717"}],"curies":[{"name":"wp","href":"https:\/\/api.w.org\/{rel}","templated":true}]}}