{"id":719,"date":"2026-02-14T01:17:53","date_gmt":"2026-02-14T01:17:53","guid":{"rendered":"https:\/\/arvima.lt\/?post_type=product&#038;p=719"},"modified":"2026-02-14T18:39:34","modified_gmt":"2026-02-14T18:39:34","slug":"antifrizas-elite-g11-afc-blue","status":"publish","type":"product","link":"https:\/\/arvima.lt\/?product=antifrizas-elite-g11-afc-blue","title":{"rendered":"Antifrizas \u201eELITE G11 AFC\u201c Blue"},"content":{"rendered":"<p>Skirtas \u0161iuolaikini\u0173 automobili\u0173 ir sunki\u0173j\u0173 transporto priemoni\u0173 varikliams au\u0161inti, kuriuose yra daugiau aliuminio detali\u0173, bronzos, \u017ealvario, vario ir plieno. Padidina plastikini\u0173 detali\u0173 apsaug\u0105. Skirtas automobili\u0173 au\u0161inimo sistemoms iki -35\u00b0C. Saugo varikl\u012f nuo u\u017e\u0161alimo, perkaitimo, korozijos. Sud\u0117tyje n\u0117ra nitrit\u0173, amin\u0173, fosfat\u0173. Pagamintas i\u0161 etilenglikolio ir ma\u017eai silikat\u0173 turin\u010di\u0173 antikorozini\u0173 pried\u0173.<\/p>\n<p><strong>Naudojimo b\u016bdas:<\/strong><\/p>\n<p>Paruo\u0161tas naudojimui au\u0161inimo skystis (antifrizas), tinkamas eksploatacijai kai oro temperat\u016bra ne \u017eemesn\u0117 kaip -35\u00b0C. Minimalus naudojimo laikas \u2013 3 metai (vadovautis automobili\u0173 gamintoj\u0173 rekomendacijomis).<\/p>\n","protected":false},"excerpt":{"rendered":"<p>Skirtas \u0161iuolaikini\u0173 automobili\u0173 ir sunki\u0173j\u0173 transporto priemoni\u0173 varikliams au\u0161inti, kuriuose yra daugiau aliuminio detali\u0173, bronzos, \u017ealvario, vario ir plieno. Padidina plastikini\u0173 detali\u0173 apsaug\u0105. Skirtas automobili\u0173 au\u0161inimo sistemoms iki -35\u00b0C. Saugo varikl\u012f nuo u\u017e\u0161alimo, perkaitimo, korozijos. Sud\u0117tyje n\u0117ra nitrit\u0173, amin\u0173, fosfat\u0173. Pagamintas i\u0161 etilenglikolio ir ma\u017eai silikat\u0173 turin\u010di\u0173 antikorozini\u0173 pried\u0173. Naudojimo b\u016bdas: Paruo\u0161tas naudojimui au\u0161inimo skystis [&hellip;]<\/p>\n","protected":false},"featured_media":720,"comment_status":"open","ping_status":"closed","template":"","meta":[],"product_brand":[36],"product_cat":[52,18],"product_tag":[],"class_list":{"0":"post-719","1":"product","2":"type-product","3":"status-publish","4":"has-post-thumbnail","6":"product_brand-elite","7":"product_cat-ausinimo-skystis","8":"product_cat-visos-prekes","10":"first","11":"outofstock","12":"taxable","13":"shipping-taxable","14":"purchasable","15":"product-type-simple"},"jetpack_sharing_enabled":true,"_links":{"self":[{"href":"https:\/\/arvima.lt\/index.php?rest_route=\/wp\/v2\/product\/719","targetHints":{"allow":["GET"]}}],"collection":[{"href":"https:\/\/arvima.lt\/index.php?rest_route=\/wp\/v2\/product"}],"about":[{"href":"https:\/\/arvima.lt\/index.php?rest_route=\/wp\/v2\/types\/product"}],"replies":[{"embeddable":true,"href":"https:\/\/arvima.lt\/index.php?rest_route=%2Fwp%2Fv2%2Fcomments&post=719"}],"wp:featuredmedia":[{"embeddable":true,"href":"https:\/\/arvima.lt\/index.php?rest_route=\/wp\/v2\/media\/720"}],"wp:attachment":[{"href":"https:\/\/arvima.lt\/index.php?rest_route=%2Fwp%2Fv2%2Fmedia&parent=719"}],"wp:term":[{"taxonomy":"product_brand","embeddable":true,"href":"https:\/\/arvima.lt\/index.php?rest_route=%2Fwp%2Fv2%2Fproduct_brand&post=719"},{"taxonomy":"product_cat","embeddable":true,"href":"https:\/\/arvima.lt\/index.php?rest_route=%2Fwp%2Fv2%2Fproduct_cat&post=719"},{"taxonomy":"product_tag","embeddable":true,"href":"https:\/\/arvima.lt\/index.php?rest_route=%2Fwp%2Fv2%2Fproduct_tag&post=719"}],"curies":[{"name":"wp","href":"https:\/\/api.w.org\/{rel}","templated":true}]}}