{"id":738,"date":"2026-02-17T21:35:04","date_gmt":"2026-02-17T21:35:04","guid":{"rendered":"https:\/\/arvima.lt\/?post_type=product&#038;p=738"},"modified":"2026-02-17T21:35:04","modified_gmt":"2026-02-17T21:35:04","slug":"e46-galinio-traverso-ivores-4vnt","status":"publish","type":"product","link":"https:\/\/arvima.lt\/?product=e46-galinio-traverso-ivores-4vnt","title":{"rendered":"E46 Galinio traverso \u012fvor\u0117s (4vnt)"},"content":{"rendered":"<p>M\u016bs\u0173 E46 galinio por\u0117mio \u012fvor\u0117s skirtos didelio na\u0161umo lenktyn\u0117ms ir drifto var\u017eyboms, taip pat va\u017eiavimui gatv\u0117je. \u0160ios \u012fvor\u0117s, kuri\u0173 kietumas yra 90 Shores, u\u017etikrina didesn\u012f standum\u0105 ir geresn\u012f valdym\u0105, kad b\u016bt\u0173 lengviau \u012fva\u017eiuoti pos\u016bkiuose ir greitai \u012fsib\u0117g\u0117ti. Jas lengva montuoti, tod\u0117l tai puikus pasirinkimas tiems, kurie nori atnaujinti savo pakab\u0105. \u0160ios \u012fvor\u0117s skirtos pagerinti automobilio na\u0161um\u0105 ir valdym\u0105, tod\u0117l jos yra puikus pasirinkimas lenktynininkams ir drifto m\u0117g\u0117jams.<\/p>\n<p>&nbsp;<\/p>\n","protected":false},"excerpt":{"rendered":"<p><span dir=\"auto\">2x &#8211; Galinio traverso priekin\u0117s \u012fvor\u0117s,<\/span><\/p>\n<p><span dir=\"auto\">2x &#8211; Galinio traverso galin\u0117s \u012fvor\u0117s.<\/span><\/p>\n","protected":false},"featured_media":739,"comment_status":"open","ping_status":"closed","template":"","meta":[],"product_brand":[],"product_cat":[27,18],"product_tag":[],"class_list":{"0":"post-738","1":"product","2":"type-product","3":"status-publish","4":"has-post-thumbnail","6":"product_cat-nestandartines-detales","7":"product_cat-visos-prekes","9":"first","10":"outofstock","11":"taxable","12":"shipping-taxable","13":"purchasable","14":"product-type-simple"},"jetpack_sharing_enabled":true,"_links":{"self":[{"href":"https:\/\/arvima.lt\/index.php?rest_route=\/wp\/v2\/product\/738","targetHints":{"allow":["GET"]}}],"collection":[{"href":"https:\/\/arvima.lt\/index.php?rest_route=\/wp\/v2\/product"}],"about":[{"href":"https:\/\/arvima.lt\/index.php?rest_route=\/wp\/v2\/types\/product"}],"replies":[{"embeddable":true,"href":"https:\/\/arvima.lt\/index.php?rest_route=%2Fwp%2Fv2%2Fcomments&post=738"}],"wp:featuredmedia":[{"embeddable":true,"href":"https:\/\/arvima.lt\/index.php?rest_route=\/wp\/v2\/media\/739"}],"wp:attachment":[{"href":"https:\/\/arvima.lt\/index.php?rest_route=%2Fwp%2Fv2%2Fmedia&parent=738"}],"wp:term":[{"taxonomy":"product_brand","embeddable":true,"href":"https:\/\/arvima.lt\/index.php?rest_route=%2Fwp%2Fv2%2Fproduct_brand&post=738"},{"taxonomy":"product_cat","embeddable":true,"href":"https:\/\/arvima.lt\/index.php?rest_route=%2Fwp%2Fv2%2Fproduct_cat&post=738"},{"taxonomy":"product_tag","embeddable":true,"href":"https:\/\/arvima.lt\/index.php?rest_route=%2Fwp%2Fv2%2Fproduct_tag&post=738"}],"curies":[{"name":"wp","href":"https:\/\/api.w.org\/{rel}","templated":true}]}}